{"id":10,"date":"2025-09-21T10:57:29","date_gmt":"2025-09-21T08:57:29","guid":{"rendered":"http:\/\/127.0.0.1:8000\/?page_id=10"},"modified":"2025-09-21T10:57:29","modified_gmt":"2025-09-21T08:57:29","slug":"mi-cuenta","status":"publish","type":"page","link":"https:\/\/www.lapernichecatering.com\/?page_id=10","title":{"rendered":"Mi cuenta"},"content":{"rendered":"<div class=\"woocommerce\"><div class=\"woocommerce-notices-wrapper\"><\/div>\n\n<div class=\"u-columns col2-set\" id=\"customer_login\">\n\n    <div class=\"u-column1 login-form-col col-1\">\n\n\t\t\n        <form class=\"woocommerce-form woocommerce-form-login login\" method=\"post\">\n\n\t\t\t            <div class=\"woocommerce-form-login-wrap\">\n                <h2 class=\"login-form-title\">Accede<\/h2>\n                <p class=\"woocommerce-form-row woocommerce-form-row--wide form-row form-row-wide\">\n                    <label for=\"username\">Usuario o direcci\u00f3n de correo electr\u00f3nico\n                        &nbsp;<span class=\"required\">*<\/span><\/label>\n                    <input type=\"text\" class=\"woocommerce-Input woocommerce-Input--text input-text\" name=\"username\" id=\"username\" autocomplete=\"username\" value=\"\" placeholder=\"Introduce tu usuario o correo electr\u00f3nico\"\/>                <\/p>\n                <p class=\"woocommerce-form-row woocommerce-form-row--wide form-row form-row-wide\">\n                    <label for=\"password\">Contrase\u00f1a\n                        &nbsp;<span class=\"required\">*<\/span><\/label>\n                    <input class=\"woocommerce-Input woocommerce-Input--text input-text\" type=\"password\" name=\"password\" id=\"password\" autocomplete=\"current-password\" placeholder=\"Introduce tu contrase\u00f1a\"\/>\n                <\/p>\n\t\t\t\t<label class=\"woocommerce-form__label woocommerce-form__label-for-checkbox woocommerce-form-login__rememberme\">\n\t\t\t\t\t<input class=\"woocommerce-form__input woocommerce-form__input-checkbox\" name=\"rememberme\" type=\"checkbox\" id=\"rememberme\" value=\"forever\"\/>\n\t\t\t\t\t<span>Recuerdame<\/span>\n\t\t\t\t<\/label>\n\t\t\t\t<input type=\"hidden\" id=\"woocommerce-login-nonce\" name=\"woocommerce-login-nonce\" value=\"953b8874f3\" \/><input type=\"hidden\" name=\"_wp_http_referer\" value=\"\/index.php?rest_route=%2Fwp%2Fv2%2Fpages%2F10\" \/>\n\t\t\t\t<p class=\"woocommerce-LostPassword lost_password\">\n\t\t\t\t\t<a href=\"https:\/\/www.lapernichecatering.com\/?page_id=10&#038;lost-password\">Recuperar clave<\/a>\n\t\t\t\t<\/p>\n\t\t\t\t                <button type=\"submit\" class=\"woocommerce-button button woocommerce-form-login__submit\" name=\"login\" value=\"Log in\">Accede<\/button>\n            <\/div>\n\n\n\t\t\t\n        <\/form>\n\n\t\t\n    <\/div>\n\n    <div class=\"u-column2 col-2\">\n\n\n        <form method=\"post\" class=\"woocommerce-form woocommerce-form-register register\"  >\n\n\t\t\t            <h2 class=\"register-from-title\">Reg\u00edstrate<\/h2>\n\n\t\t\t\n            <p class=\"woocommerce-form-row woocommerce-form-row--wide form-row form-row-wide\">\n                <label for=\"reg_email\">Direcci\u00f3n de correo electr\u00f3nico\n                    &nbsp;<span class=\"required\">*<\/span><\/label>\n                <input type=\"email\" class=\"woocommerce-Input woocommerce-Input--text input-text\" name=\"email\" id=\"reg_email\" autocomplete=\"email\" value=\"\" placeholder=\"Introduce tu email\"\/>            <\/p>\n\n\t\t\t\n                <p>Se enviar\u00e1 una contrase\u00f1a a tu correo electr\u00f3nico.<\/p>\n\n\t\t\t\n\t\t\t<wc-order-attribution-inputs><\/wc-order-attribution-inputs>\t\t<p class=\"woocommerce-form-row woocommerce-form-row--wide form-row form-row-wide\">\n\t\t\t<label for=\"billing_cif\">CIF\/NIF <span class=\"optional\">(opcional)<\/span><\/label>\n\t\t\t<input type=\"text\" class=\"woocommerce-Input woocommerce-Input--text input-text\" \n\t\t\t\t   name=\"billing_cif\" id=\"billing_cif\" \n\t\t\t\t   value=\"\" \/>\n\t\t<\/p>\n\t\t<div class=\"woocommerce-privacy-policy-text\"><p>Tus datos personales se utilizar\u00e1n para procesar tu pedido, mejorar tu experiencia en esta web, gestionar el acceso a tu cuenta y otros prop\u00f3sitos descritos en nuestra <a href=\"https:\/\/www.lapernichecatering.com\/?page_id=3\" class=\"woocommerce-privacy-policy-link\" target=\"_blank\">pol\u00edtica de privacidad<\/a>.<\/p>\n<\/div>\n            <p class=\"woocommerce-FormRow form-row\">\n\t\t\t\t<input type=\"hidden\" id=\"woocommerce-register-nonce\" name=\"woocommerce-register-nonce\" value=\"af0731d79e\" \/><input type=\"hidden\" name=\"_wp_http_referer\" value=\"\/index.php?rest_route=%2Fwp%2Fv2%2Fpages%2F10\" \/>                <button type=\"submit\" class=\"woocommerce-Button woocommerce-button button woocommerce-form-register__submit\" name=\"register\" value=\"Register\">Registrate<\/button>\n            <\/p>\n\n\t\t\t\n        <\/form>\n\n    <\/div>\n\n<\/div>\n\n<\/div>\n","protected":false},"excerpt":{"rendered":"","protected":false},"author":1,"featured_media":0,"parent":0,"menu_order":0,"comment_status":"closed","ping_status":"closed","template":"","meta":{"footnotes":""},"class_list":["post-10","page","type-page","status-publish","hentry"],"yoast_head":"<!-- This site is optimized with the Yoast SEO plugin v26.6 - https:\/\/yoast.com\/wordpress\/plugins\/seo\/ -->\n<title>Mi cuenta - La Perniche Catering<\/title>\n<meta name=\"robots\" content=\"index, follow, max-snippet:-1, max-image-preview:large, max-video-preview:-1\" \/>\n<link rel=\"canonical\" href=\"https:\/\/www.lapernichecatering.com\/?page_id=10\" \/>\n<meta property=\"og:locale\" content=\"es_ES\" \/>\n<meta property=\"og:type\" content=\"article\" \/>\n<meta property=\"og:title\" content=\"Mi cuenta - La Perniche Catering\" \/>\n<meta property=\"og:url\" content=\"https:\/\/www.lapernichecatering.com\/?page_id=10\" \/>\n<meta property=\"og:site_name\" content=\"La Perniche Catering\" \/>\n<meta name=\"twitter:card\" content=\"summary_large_image\" \/>\n<script type=\"application\/ld+json\" class=\"yoast-schema-graph\">{\"@context\":\"https:\/\/schema.org\",\"@graph\":[{\"@type\":\"WebPage\",\"@id\":\"https:\/\/www.lapernichecatering.com\/?page_id=10\",\"url\":\"https:\/\/www.lapernichecatering.com\/?page_id=10\",\"name\":\"Mi cuenta - La Perniche Catering\",\"isPartOf\":{\"@id\":\"https:\/\/www.lapernichecatering.com\/#website\"},\"datePublished\":\"2025-09-21T08:57:29+00:00\",\"breadcrumb\":{\"@id\":\"https:\/\/www.lapernichecatering.com\/?page_id=10#breadcrumb\"},\"inLanguage\":\"es\",\"potentialAction\":[{\"@type\":\"ReadAction\",\"target\":[\"https:\/\/www.lapernichecatering.com\/?page_id=10\"]}]},{\"@type\":\"BreadcrumbList\",\"@id\":\"https:\/\/www.lapernichecatering.com\/?page_id=10#breadcrumb\",\"itemListElement\":[{\"@type\":\"ListItem\",\"position\":1,\"name\":\"Home\",\"item\":\"https:\/\/www.lapernichecatering.com\/\"},{\"@type\":\"ListItem\",\"position\":2,\"name\":\"Mi cuenta\"}]},{\"@type\":\"WebSite\",\"@id\":\"https:\/\/www.lapernichecatering.com\/#website\",\"url\":\"https:\/\/www.lapernichecatering.com\/\",\"name\":\"La Perniche Catering\",\"description\":\"\",\"publisher\":{\"@id\":\"https:\/\/www.lapernichecatering.com\/#organization\"},\"potentialAction\":[{\"@type\":\"SearchAction\",\"target\":{\"@type\":\"EntryPoint\",\"urlTemplate\":\"https:\/\/www.lapernichecatering.com\/?s={search_term_string}\"},\"query-input\":{\"@type\":\"PropertyValueSpecification\",\"valueRequired\":true,\"valueName\":\"search_term_string\"}}],\"inLanguage\":\"es\"},{\"@type\":\"Organization\",\"@id\":\"https:\/\/www.lapernichecatering.com\/#organization\",\"name\":\"La Perniche Catering\",\"url\":\"https:\/\/www.lapernichecatering.com\/\",\"logo\":{\"@type\":\"ImageObject\",\"inLanguage\":\"es\",\"@id\":\"https:\/\/www.lapernichecatering.com\/#\/schema\/logo\/image\/\",\"url\":\"https:\/\/www.lapernichecatering.com\/wp-content\/uploads\/2025\/11\/cropped-Logo_web_250-1.png\",\"contentUrl\":\"https:\/\/www.lapernichecatering.com\/wp-content\/uploads\/2025\/11\/cropped-Logo_web_250-1.png\",\"width\":302,\"height\":250,\"caption\":\"La Perniche Catering\"},\"image\":{\"@id\":\"https:\/\/www.lapernichecatering.com\/#\/schema\/logo\/image\/\"}}]}<\/script>\n<!-- \/ Yoast SEO plugin. -->","yoast_head_json":{"title":"Mi cuenta - La Perniche Catering","robots":{"index":"index","follow":"follow","max-snippet":"max-snippet:-1","max-image-preview":"max-image-preview:large","max-video-preview":"max-video-preview:-1"},"canonical":"https:\/\/www.lapernichecatering.com\/?page_id=10","og_locale":"es_ES","og_type":"article","og_title":"Mi cuenta - La Perniche Catering","og_url":"https:\/\/www.lapernichecatering.com\/?page_id=10","og_site_name":"La Perniche Catering","twitter_card":"summary_large_image","schema":{"@context":"https:\/\/schema.org","@graph":[{"@type":"WebPage","@id":"https:\/\/www.lapernichecatering.com\/?page_id=10","url":"https:\/\/www.lapernichecatering.com\/?page_id=10","name":"Mi cuenta - La Perniche Catering","isPartOf":{"@id":"https:\/\/www.lapernichecatering.com\/#website"},"datePublished":"2025-09-21T08:57:29+00:00","breadcrumb":{"@id":"https:\/\/www.lapernichecatering.com\/?page_id=10#breadcrumb"},"inLanguage":"es","potentialAction":[{"@type":"ReadAction","target":["https:\/\/www.lapernichecatering.com\/?page_id=10"]}]},{"@type":"BreadcrumbList","@id":"https:\/\/www.lapernichecatering.com\/?page_id=10#breadcrumb","itemListElement":[{"@type":"ListItem","position":1,"name":"Home","item":"https:\/\/www.lapernichecatering.com\/"},{"@type":"ListItem","position":2,"name":"Mi cuenta"}]},{"@type":"WebSite","@id":"https:\/\/www.lapernichecatering.com\/#website","url":"https:\/\/www.lapernichecatering.com\/","name":"La Perniche Catering","description":"","publisher":{"@id":"https:\/\/www.lapernichecatering.com\/#organization"},"potentialAction":[{"@type":"SearchAction","target":{"@type":"EntryPoint","urlTemplate":"https:\/\/www.lapernichecatering.com\/?s={search_term_string}"},"query-input":{"@type":"PropertyValueSpecification","valueRequired":true,"valueName":"search_term_string"}}],"inLanguage":"es"},{"@type":"Organization","@id":"https:\/\/www.lapernichecatering.com\/#organization","name":"La Perniche Catering","url":"https:\/\/www.lapernichecatering.com\/","logo":{"@type":"ImageObject","inLanguage":"es","@id":"https:\/\/www.lapernichecatering.com\/#\/schema\/logo\/image\/","url":"https:\/\/www.lapernichecatering.com\/wp-content\/uploads\/2025\/11\/cropped-Logo_web_250-1.png","contentUrl":"https:\/\/www.lapernichecatering.com\/wp-content\/uploads\/2025\/11\/cropped-Logo_web_250-1.png","width":302,"height":250,"caption":"La Perniche Catering"},"image":{"@id":"https:\/\/www.lapernichecatering.com\/#\/schema\/logo\/image\/"}}]}},"_links":{"self":[{"href":"https:\/\/www.lapernichecatering.com\/index.php?rest_route=\/wp\/v2\/pages\/10","targetHints":{"allow":["GET"]}}],"collection":[{"href":"https:\/\/www.lapernichecatering.com\/index.php?rest_route=\/wp\/v2\/pages"}],"about":[{"href":"https:\/\/www.lapernichecatering.com\/index.php?rest_route=\/wp\/v2\/types\/page"}],"author":[{"embeddable":true,"href":"https:\/\/www.lapernichecatering.com\/index.php?rest_route=\/wp\/v2\/users\/1"}],"replies":[{"embeddable":true,"href":"https:\/\/www.lapernichecatering.com\/index.php?rest_route=%2Fwp%2Fv2%2Fcomments&post=10"}],"version-history":[{"count":0,"href":"https:\/\/www.lapernichecatering.com\/index.php?rest_route=\/wp\/v2\/pages\/10\/revisions"}],"wp:attachment":[{"href":"https:\/\/www.lapernichecatering.com\/index.php?rest_route=%2Fwp%2Fv2%2Fmedia&parent=10"}],"curies":[{"name":"wp","href":"https:\/\/api.w.org\/{rel}","templated":true}]}}