{"id":10357,"date":"2025-11-03T11:46:49","date_gmt":"2025-11-03T10:46:49","guid":{"rendered":"https:\/\/lapernichecatering.com:8000\/?page_id=10357"},"modified":"2026-01-01T18:40:26","modified_gmt":"2026-01-01T17:40:26","slug":"about-us-2","status":"publish","type":"page","link":"https:\/\/www.lapernichecatering.com\/?page_id=10357","title":{"rendered":"Catering y eventos"},"content":{"rendered":"\t\t<div data-elementor-type=\"wp-page\" data-elementor-id=\"10357\" class=\"elementor elementor-10357\">\n\t\t\t\t\t\t<div class=\"elementor-section elementor-top-section elementor-element elementor-element-d25e03c elementor-section-height-min-height elementor-section-stretched elementor-section-boxed elementor-section-height-default elementor-section-items-middle\" data-id=\"d25e03c\" data-element_type=\"section\" data-settings=\"{&quot;background_background&quot;:&quot;classic&quot;,&quot;stretch_section&quot;:&quot;section-stretched&quot;}\">\n\t\t\t\t\t\t<div class=\"elementor-container elementor-column-gap-no\">\n\t\t\t\t\t<div class=\"elementor-column elementor-col-100 elementor-top-column elementor-element elementor-element-e70a5da\" data-id=\"e70a5da\" data-element_type=\"column\">\n\t\t\t<div class=\"elementor-widget-wrap\">\n\t\t\t\t\t\t\t<\/div>\n\t\t<\/div>\n\t\t\t\t\t<\/div>\n\t\t<\/div>\n\t\t\t\t<div class=\"elementor-section elementor-top-section elementor-element elementor-element-b84f98a elementor-section-full_width elementor-section-stretched elementor-section-height-default elementor-section-height-default\" data-id=\"b84f98a\" data-element_type=\"section\" data-settings=\"{&quot;stretch_section&quot;:&quot;section-stretched&quot;,&quot;background_background&quot;:&quot;classic&quot;}\">\n\t\t\t\t\t\t<div class=\"elementor-container elementor-column-gap-no\">\n\t\t\t\t\t<div class=\"elementor-column elementor-col-100 elementor-top-column elementor-element elementor-element-aed1b0a\" data-id=\"aed1b0a\" data-element_type=\"column\" data-settings=\"{&quot;background_background&quot;:&quot;classic&quot;}\">\n\t\t\t<div class=\"elementor-widget-wrap elementor-element-populated\">\n\t\t\t\t\t\t<div class=\"elementor-element elementor-element-9536f6b elementor-widget__width-initial elementor-widget elementor-widget-heading\" data-id=\"9536f6b\" data-element_type=\"widget\" data-widget_type=\"heading.default\">\n\t\t\t\t\t<h2 class=\"elementor-heading-title elementor-size-default\">Catering y Eventos<\/h2>\t\t\t\t<\/div>\n\t\t\t\t\t<\/div>\n\t\t<\/div>\n\t\t\t\t\t<\/div>\n\t\t<\/div>\n\t\t<div class=\"elementor-element elementor-element-09b05b7 e-flex e-con-boxed e-con e-parent\" data-id=\"09b05b7\" data-element_type=\"container\">\n\t\t\t\t\t<div class=\"e-con-inner\">\n\t\t\t\t<div class=\"elementor-element elementor-element-0e56d74 elementor-widget elementor-widget-text-editor\" data-id=\"0e56d74\" data-element_type=\"widget\" data-widget_type=\"text-editor.default\">\n\t\t\t\t\t\t\t\t\t<p class=\"text-align-center m-size-24 size-30\"><span class=\"m-font-size-24 font-size-30\">\u00bfTienes un evento corporativo, boda, reuni\u00f3n familiar con amigos, bautizos, comuniones, cumplea\u00f1os&#8230;?<\/span><\/p><p class=\"text-align-center m-size-13 size-16\"><span class=\"font-size-16 m-font-size-13\">Elige la opci\u00f3n que m\u00e1s se ajuste a tu evento.<\/span><\/p>\t\t\t\t\t\t\t\t<\/div>\n\t\t\t\t\t<\/div>\n\t\t\t\t<\/div>\n\t\t<div class=\"elementor-element elementor-element-19824db e-grid e-con-boxed e-con e-parent\" data-id=\"19824db\" data-element_type=\"container\">\n\t\t\t\t\t<div class=\"e-con-inner\">\n\t\t<div class=\"elementor-element elementor-element-ca6235f e-grid e-con-full e-con e-child\" data-id=\"ca6235f\" data-element_type=\"container\">\n\t\t\t\t<div class=\"elementor-element elementor-element-3dc533d elementor-widget elementor-widget-image\" data-id=\"3dc533d\" data-element_type=\"widget\" data-widget_type=\"image.default\">\n\t\t\t\t\t\t\t\t\t\t\t\t\t\t\t\t<a href=\"http:\/\/lapernichecatering.com\/?page_id=10372\">\n\t\t\t\t\t\t\t<img fetchpriority=\"high\" decoding=\"async\" width=\"980\" height=\"551\" src=\"https:\/\/www.lapernichecatering.com\/wp-content\/uploads\/2025\/11\/flores169.jpg\" class=\"attachment-large size-large wp-image-10361\" alt=\"\" srcset=\"https:\/\/www.lapernichecatering.com\/wp-content\/uploads\/2025\/11\/flores169.jpg 1902w, https:\/\/www.lapernichecatering.com\/wp-content\/uploads\/2025\/11\/flores169-800x450.jpg 800w\" sizes=\"(max-width: 980px) 100vw, 980px\" \/>\t\t\t\t\t\t\t\t<\/a>\n\t\t\t\t\t\t\t\t\t\t\t\t\t\t\t<\/div>\n\t\t\t\t<div class=\"elementor-element elementor-element-975374a elementor-widget elementor-widget-heading\" data-id=\"975374a\" data-element_type=\"widget\" data-widget_type=\"heading.default\">\n\t\t\t\t\t<h2 class=\"elementor-heading-title elementor-size-default\">Eventos privados<\/h2>\t\t\t\t<\/div>\n\t\t\t\t<\/div>\n\t\t<div class=\"elementor-element elementor-element-c304f9a e-grid e-con-full e-con e-child\" data-id=\"c304f9a\" data-element_type=\"container\">\n\t\t\t\t<div class=\"elementor-element elementor-element-960e050 elementor-widget elementor-widget-image\" data-id=\"960e050\" data-element_type=\"widget\" data-widget_type=\"image.default\">\n\t\t\t\t\t\t\t\t\t\t\t\t\t\t\t\t<a href=\"http:\/\/lapernichecatering.com\/?page_id=10390\">\n\t\t\t\t\t\t\t<img decoding=\"async\" width=\"713\" height=\"401\" src=\"https:\/\/www.lapernichecatering.com\/wp-content\/uploads\/2025\/11\/comida169.jpg\" class=\"attachment-medium_large size-medium_large wp-image-10362\" alt=\"\" srcset=\"https:\/\/www.lapernichecatering.com\/wp-content\/uploads\/2025\/11\/comida169.jpg 713w, https:\/\/www.lapernichecatering.com\/wp-content\/uploads\/2025\/11\/comida169-300x169.jpg 300w, https:\/\/www.lapernichecatering.com\/wp-content\/uploads\/2025\/11\/comida169-630x354.jpg 630w\" sizes=\"(max-width: 713px) 100vw, 713px\" \/>\t\t\t\t\t\t\t\t<\/a>\n\t\t\t\t\t\t\t\t\t\t\t\t\t\t\t<\/div>\n\t\t\t\t<div class=\"elementor-element elementor-element-d271810 elementor-widget elementor-widget-heading\" data-id=\"d271810\" data-element_type=\"widget\" data-widget_type=\"heading.default\">\n\t\t\t\t\t<h2 class=\"elementor-heading-title elementor-size-default\">Talleres de cocina<\/h2>\t\t\t\t<\/div>\n\t\t\t\t<\/div>\n\t\t<div class=\"elementor-element elementor-element-b4f2b65 e-grid e-con-full e-con e-child\" data-id=\"b4f2b65\" data-element_type=\"container\">\n\t\t\t\t<div class=\"elementor-element elementor-element-038417f elementor-widget elementor-widget-image\" data-id=\"038417f\" data-element_type=\"widget\" data-widget_type=\"image.default\">\n\t\t\t\t\t\t\t\t\t\t\t\t\t\t\t\t<a href=\"http:\/\/lapernichecatering.com\/?page_id=10372\">\n\t\t\t\t\t\t\t<img decoding=\"async\" width=\"980\" height=\"551\" src=\"https:\/\/www.lapernichecatering.com\/wp-content\/uploads\/2025\/11\/bao169-1024x576.jpg\" class=\"attachment-large size-large wp-image-10364\" alt=\"\" srcset=\"https:\/\/www.lapernichecatering.com\/wp-content\/uploads\/2025\/11\/bao169-1024x576.jpg 1024w, https:\/\/www.lapernichecatering.com\/wp-content\/uploads\/2025\/11\/bao169-800x450.jpg 800w, https:\/\/www.lapernichecatering.com\/wp-content\/uploads\/2025\/11\/bao169-300x169.jpg 300w, https:\/\/www.lapernichecatering.com\/wp-content\/uploads\/2025\/11\/bao169-768x432.jpg 768w, https:\/\/www.lapernichecatering.com\/wp-content\/uploads\/2025\/11\/bao169-1536x864.jpg 1536w, https:\/\/www.lapernichecatering.com\/wp-content\/uploads\/2025\/11\/bao169-630x354.jpg 630w, https:\/\/www.lapernichecatering.com\/wp-content\/uploads\/2025\/11\/bao169.jpg 1920w\" sizes=\"(max-width: 980px) 100vw, 980px\" \/>\t\t\t\t\t\t\t\t<\/a>\n\t\t\t\t\t\t\t\t\t\t\t\t\t\t\t<\/div>\n\t\t\t\t<div class=\"elementor-element elementor-element-0ad0db7 elementor-widget elementor-widget-heading\" data-id=\"0ad0db7\" data-element_type=\"widget\" data-widget_type=\"heading.default\">\n\t\t\t\t\t<h2 class=\"elementor-heading-title elementor-size-default\">Eventos corporativos<\/h2>\t\t\t\t<\/div>\n\t\t\t\t<\/div>\n\t\t\t\t\t<\/div>\n\t\t\t\t<\/div>\n\t\t<div class=\"elementor-element elementor-element-4a9c8eb e-grid e-con-boxed e-con e-parent\" data-id=\"4a9c8eb\" data-element_type=\"container\">\n\t\t\t\t\t<div class=\"e-con-inner\">\n\t\t<div class=\"elementor-element elementor-element-a974849 e-con-full e-flex e-con e-child\" data-id=\"a974849\" data-element_type=\"container\">\n\t\t\t\t<div class=\"elementor-element elementor-element-a6fe390 elementor-widget elementor-widget-image\" data-id=\"a6fe390\" data-element_type=\"widget\" data-widget_type=\"image.default\">\n\t\t\t\t\t\t\t\t\t\t\t\t\t\t\t\t<a href=\"http:\/\/lapernichecatering.com\/?page_id=10372\">\n\t\t\t\t\t\t\t<img fetchpriority=\"high\" decoding=\"async\" width=\"980\" height=\"551\" src=\"https:\/\/www.lapernichecatering.com\/wp-content\/uploads\/2025\/11\/flores169.jpg\" class=\"attachment-large size-large wp-image-10361\" alt=\"\" srcset=\"https:\/\/www.lapernichecatering.com\/wp-content\/uploads\/2025\/11\/flores169.jpg 1902w, https:\/\/www.lapernichecatering.com\/wp-content\/uploads\/2025\/11\/flores169-800x450.jpg 800w\" sizes=\"(max-width: 980px) 100vw, 980px\" \/>\t\t\t\t\t\t\t\t<\/a>\n\t\t\t\t\t\t\t\t\t\t\t\t\t\t\t<\/div>\n\t\t\t\t<div class=\"elementor-element elementor-element-aafb71e elementor-widget elementor-widget-text-editor\" data-id=\"aafb71e\" data-element_type=\"widget\" data-widget_type=\"text-editor.default\">\n\t\t\t\t\t\t\t\t\t<p><a href=\"http:\/\/lapernichecatering.com\/?page_id=10372\">Eventos privados<\/a><\/p>\t\t\t\t\t\t\t\t<\/div>\n\t\t\t\t<\/div>\n\t\t<div class=\"elementor-element elementor-element-249a87f e-con-full e-flex e-con e-child\" data-id=\"249a87f\" data-element_type=\"container\">\n\t\t\t\t<div class=\"elementor-element elementor-element-25d5759 elementor-widget elementor-widget-image\" data-id=\"25d5759\" data-element_type=\"widget\" data-widget_type=\"image.default\">\n\t\t\t\t\t\t\t\t\t\t\t\t\t\t\t\t<a href=\"http:\/\/lapernichecatering.com\/?page_id=10390\">\n\t\t\t\t\t\t\t<img loading=\"lazy\" decoding=\"async\" width=\"980\" height=\"551\" src=\"https:\/\/www.lapernichecatering.com\/wp-content\/uploads\/2025\/12\/comida169-1.jpg\" class=\"attachment-large size-large wp-image-10903\" alt=\"\" srcset=\"https:\/\/www.lapernichecatering.com\/wp-content\/uploads\/2025\/12\/comida169-1.jpg 980w, https:\/\/www.lapernichecatering.com\/wp-content\/uploads\/2025\/12\/comida169-1-800x450.jpg 800w\" sizes=\"(max-width: 980px) 100vw, 980px\" \/>\t\t\t\t\t\t\t\t<\/a>\n\t\t\t\t\t\t\t\t\t\t\t\t\t\t\t<\/div>\n\t\t\t\t<div class=\"elementor-element elementor-element-416287a elementor-widget elementor-widget-text-editor\" data-id=\"416287a\" data-element_type=\"widget\" data-widget_type=\"text-editor.default\">\n\t\t\t\t\t\t\t\t\t<p><a href=\"http:\/\/lapernichecatering.com\/?page_id=10390\">Talleres de cocina<\/a><\/p>\t\t\t\t\t\t\t\t<\/div>\n\t\t\t\t<\/div>\n\t\t<div class=\"elementor-element elementor-element-25c99ee e-con-full e-flex e-con e-child\" data-id=\"25c99ee\" data-element_type=\"container\">\n\t\t\t\t<div class=\"elementor-element elementor-element-7408962 elementor-widget elementor-widget-image\" data-id=\"7408962\" data-element_type=\"widget\" data-widget_type=\"image.default\">\n\t\t\t\t\t\t\t\t\t\t\t\t\t\t\t\t<a href=\"http:\/\/lapernichecatering.com\/?page_id=10372\">\n\t\t\t\t\t\t\t<img loading=\"lazy\" decoding=\"async\" width=\"980\" height=\"551\" src=\"https:\/\/www.lapernichecatering.com\/wp-content\/uploads\/2025\/12\/Cambiar-foto-eventos-corporativos-.jpg\" class=\"attachment-large size-large wp-image-11356\" alt=\"\" srcset=\"https:\/\/www.lapernichecatering.com\/wp-content\/uploads\/2025\/12\/Cambiar-foto-eventos-corporativos-.jpg 980w, https:\/\/www.lapernichecatering.com\/wp-content\/uploads\/2025\/12\/Cambiar-foto-eventos-corporativos--800x450.jpg 800w\" sizes=\"(max-width: 980px) 100vw, 980px\" \/>\t\t\t\t\t\t\t\t<\/a>\n\t\t\t\t\t\t\t\t\t\t\t\t\t\t\t<\/div>\n\t\t\t\t<div class=\"elementor-element elementor-element-3696c3e elementor-widget elementor-widget-text-editor\" data-id=\"3696c3e\" data-element_type=\"widget\" data-widget_type=\"text-editor.default\">\n\t\t\t\t\t\t\t\t\t<p><a href=\"http:\/\/lapernichecatering.com\/?page_id=10372\">Eventos corporativos<\/a><\/p>\t\t\t\t\t\t\t\t<\/div>\n\t\t\t\t<\/div>\n\t\t\t\t\t<\/div>\n\t\t\t\t<\/div>\n\t\t<div class=\"elementor-element elementor-element-96d387a e-flex e-con-boxed e-con e-parent\" data-id=\"96d387a\" data-element_type=\"container\">\n\t\t\t\t\t<div class=\"e-con-inner\">\n\t\t\t\t<div class=\"elementor-element elementor-element-f20c42a elementor-widget elementor-widget-text-editor\" data-id=\"f20c42a\" data-element_type=\"widget\" data-widget_type=\"text-editor.default\">\n\t\t\t\t\t\t\t\t\t<p>Dos hermanas con mucha ilusi\u00f3n y con una pasi\u00f3n que nos une: el mundo de la cocina y todo lo que le rodea, los eventos, la decoraci\u00f3n&#8230; Este es el punto de partida de este proyecto que tanto nos emociona. Nuestro catering nace como una necesidad de plasmar lo que nos mueve, con lo que disfrutamos, lo que une a las distintas generaciones de nuestra familia. Queremos ser fieles a nuestra visi\u00f3n, una visi\u00f3n juvenil, conjugando recetas cl\u00e1sicas e innovadoras, recetas de tradici\u00f3n familiar, con productos naturales y de alta calidad y trabajando con minuciosidad y dedicaci\u00f3n. Lo que, nos lleva a buscar siempre el cuidado del protocolo y del buen gusto.\u00a0<\/p>\t\t\t\t\t\t\t\t<\/div>\n\t\t\t\t\t<\/div>\n\t\t\t\t<\/div>\n\t\t\t\t<\/div>\n\t\t","protected":false},"excerpt":{"rendered":"<p>Catering y Eventos \u00bfTienes un evento corporativo, boda, reuni\u00f3n familiar con amigos, bautizos, comuniones, cumplea\u00f1os&#8230;? Elige la opci\u00f3n que m\u00e1s se ajuste a tu evento. Eventos privados Talleres de cocina Eventos corporativos Eventos privados Talleres de cocina Eventos corporativos Dos hermanas con mucha ilusi\u00f3n y con una pasi\u00f3n que nos une: el mundo de la [&hellip;]<\/p>\n","protected":false},"author":1,"featured_media":0,"parent":0,"menu_order":0,"comment_status":"closed","ping_status":"closed","template":"template-homepage.php","meta":{"footnotes":""},"class_list":["post-10357","page","type-page","status-publish","hentry"],"yoast_head":"<!-- This site is optimized with the Yoast SEO plugin v26.6 - https:\/\/yoast.com\/wordpress\/plugins\/seo\/ -->\n<title>Catering y eventos - La Perniche Catering<\/title>\n<meta name=\"robots\" content=\"index, follow, max-snippet:-1, max-image-preview:large, max-video-preview:-1\" \/>\n<link rel=\"canonical\" href=\"https:\/\/www.lapernichecatering.com\/?page_id=10357\" \/>\n<meta property=\"og:locale\" content=\"es_ES\" \/>\n<meta property=\"og:type\" content=\"article\" \/>\n<meta property=\"og:title\" content=\"Catering y eventos - La Perniche Catering\" \/>\n<meta property=\"og:description\" content=\"Catering y Eventos \u00bfTienes un evento corporativo, boda, reuni\u00f3n familiar con amigos, bautizos, comuniones, cumplea\u00f1os&#8230;? Elige la opci\u00f3n que m\u00e1s se ajuste a tu evento. Eventos privados Talleres de cocina Eventos corporativos Eventos privados Talleres de cocina Eventos corporativos Dos hermanas con mucha ilusi\u00f3n y con una pasi\u00f3n que nos une: el mundo de la [&hellip;]\" \/>\n<meta property=\"og:url\" content=\"https:\/\/www.lapernichecatering.com\/?page_id=10357\" \/>\n<meta property=\"og:site_name\" content=\"La Perniche Catering\" \/>\n<meta property=\"article:modified_time\" content=\"2026-01-01T17:40:26+00:00\" \/>\n<meta property=\"og:image\" content=\"https:\/\/www.lapernichecatering.com\/wp-content\/uploads\/2025\/11\/flores169.jpg\" \/>\n\t<meta property=\"og:image:width\" content=\"1902\" \/>\n\t<meta property=\"og:image:height\" content=\"1070\" \/>\n\t<meta property=\"og:image:type\" content=\"image\/jpeg\" \/>\n<meta name=\"twitter:card\" content=\"summary_large_image\" \/>\n<meta name=\"twitter:label1\" content=\"Est. reading time\" \/>\n\t<meta name=\"twitter:data1\" content=\"2 minutos\" \/>\n<script type=\"application\/ld+json\" class=\"yoast-schema-graph\">{\"@context\":\"https:\/\/schema.org\",\"@graph\":[{\"@type\":\"WebPage\",\"@id\":\"https:\/\/www.lapernichecatering.com\/?page_id=10357\",\"url\":\"https:\/\/www.lapernichecatering.com\/?page_id=10357\",\"name\":\"Catering y eventos - La Perniche Catering\",\"isPartOf\":{\"@id\":\"https:\/\/www.lapernichecatering.com\/#website\"},\"primaryImageOfPage\":{\"@id\":\"https:\/\/www.lapernichecatering.com\/?page_id=10357#primaryimage\"},\"image\":{\"@id\":\"https:\/\/www.lapernichecatering.com\/?page_id=10357#primaryimage\"},\"thumbnailUrl\":\"https:\/\/www.lapernichecatering.com\/wp-content\/uploads\/2025\/11\/flores169-1024x576.jpg\",\"datePublished\":\"2025-11-03T10:46:49+00:00\",\"dateModified\":\"2026-01-01T17:40:26+00:00\",\"breadcrumb\":{\"@id\":\"https:\/\/www.lapernichecatering.com\/?page_id=10357#breadcrumb\"},\"inLanguage\":\"es\",\"potentialAction\":[{\"@type\":\"ReadAction\",\"target\":[\"https:\/\/www.lapernichecatering.com\/?page_id=10357\"]}]},{\"@type\":\"ImageObject\",\"inLanguage\":\"es\",\"@id\":\"https:\/\/www.lapernichecatering.com\/?page_id=10357#primaryimage\",\"url\":\"https:\/\/www.lapernichecatering.com\/wp-content\/uploads\/2025\/11\/flores169.jpg\",\"contentUrl\":\"https:\/\/www.lapernichecatering.com\/wp-content\/uploads\/2025\/11\/flores169.jpg\",\"width\":1902,\"height\":1070},{\"@type\":\"BreadcrumbList\",\"@id\":\"https:\/\/www.lapernichecatering.com\/?page_id=10357#breadcrumb\",\"itemListElement\":[{\"@type\":\"ListItem\",\"position\":1,\"name\":\"Home\",\"item\":\"https:\/\/www.lapernichecatering.com\/\"},{\"@type\":\"ListItem\",\"position\":2,\"name\":\"Catering y eventos\"}]},{\"@type\":\"WebSite\",\"@id\":\"https:\/\/www.lapernichecatering.com\/#website\",\"url\":\"https:\/\/www.lapernichecatering.com\/\",\"name\":\"La Perniche Catering\",\"description\":\"\",\"publisher\":{\"@id\":\"https:\/\/www.lapernichecatering.com\/#organization\"},\"potentialAction\":[{\"@type\":\"SearchAction\",\"target\":{\"@type\":\"EntryPoint\",\"urlTemplate\":\"https:\/\/www.lapernichecatering.com\/?s={search_term_string}\"},\"query-input\":{\"@type\":\"PropertyValueSpecification\",\"valueRequired\":true,\"valueName\":\"search_term_string\"}}],\"inLanguage\":\"es\"},{\"@type\":\"Organization\",\"@id\":\"https:\/\/www.lapernichecatering.com\/#organization\",\"name\":\"La Perniche Catering\",\"url\":\"https:\/\/www.lapernichecatering.com\/\",\"logo\":{\"@type\":\"ImageObject\",\"inLanguage\":\"es\",\"@id\":\"https:\/\/www.lapernichecatering.com\/#\/schema\/logo\/image\/\",\"url\":\"https:\/\/www.lapernichecatering.com\/wp-content\/uploads\/2025\/11\/cropped-Logo_web_250-1.png\",\"contentUrl\":\"https:\/\/www.lapernichecatering.com\/wp-content\/uploads\/2025\/11\/cropped-Logo_web_250-1.png\",\"width\":302,\"height\":250,\"caption\":\"La Perniche Catering\"},\"image\":{\"@id\":\"https:\/\/www.lapernichecatering.com\/#\/schema\/logo\/image\/\"}}]}<\/script>\n<!-- \/ Yoast SEO plugin. -->","yoast_head_json":{"title":"Catering y eventos - La Perniche Catering","robots":{"index":"index","follow":"follow","max-snippet":"max-snippet:-1","max-image-preview":"max-image-preview:large","max-video-preview":"max-video-preview:-1"},"canonical":"https:\/\/www.lapernichecatering.com\/?page_id=10357","og_locale":"es_ES","og_type":"article","og_title":"Catering y eventos - La Perniche Catering","og_description":"Catering y Eventos \u00bfTienes un evento corporativo, boda, reuni\u00f3n familiar con amigos, bautizos, comuniones, cumplea\u00f1os&#8230;? Elige la opci\u00f3n que m\u00e1s se ajuste a tu evento. Eventos privados Talleres de cocina Eventos corporativos Eventos privados Talleres de cocina Eventos corporativos Dos hermanas con mucha ilusi\u00f3n y con una pasi\u00f3n que nos une: el mundo de la [&hellip;]","og_url":"https:\/\/www.lapernichecatering.com\/?page_id=10357","og_site_name":"La Perniche Catering","article_modified_time":"2026-01-01T17:40:26+00:00","og_image":[{"width":1902,"height":1070,"url":"https:\/\/www.lapernichecatering.com\/wp-content\/uploads\/2025\/11\/flores169.jpg","type":"image\/jpeg"}],"twitter_card":"summary_large_image","twitter_misc":{"Est. reading time":"2 minutos"},"schema":{"@context":"https:\/\/schema.org","@graph":[{"@type":"WebPage","@id":"https:\/\/www.lapernichecatering.com\/?page_id=10357","url":"https:\/\/www.lapernichecatering.com\/?page_id=10357","name":"Catering y eventos - La Perniche Catering","isPartOf":{"@id":"https:\/\/www.lapernichecatering.com\/#website"},"primaryImageOfPage":{"@id":"https:\/\/www.lapernichecatering.com\/?page_id=10357#primaryimage"},"image":{"@id":"https:\/\/www.lapernichecatering.com\/?page_id=10357#primaryimage"},"thumbnailUrl":"https:\/\/www.lapernichecatering.com\/wp-content\/uploads\/2025\/11\/flores169-1024x576.jpg","datePublished":"2025-11-03T10:46:49+00:00","dateModified":"2026-01-01T17:40:26+00:00","breadcrumb":{"@id":"https:\/\/www.lapernichecatering.com\/?page_id=10357#breadcrumb"},"inLanguage":"es","potentialAction":[{"@type":"ReadAction","target":["https:\/\/www.lapernichecatering.com\/?page_id=10357"]}]},{"@type":"ImageObject","inLanguage":"es","@id":"https:\/\/www.lapernichecatering.com\/?page_id=10357#primaryimage","url":"https:\/\/www.lapernichecatering.com\/wp-content\/uploads\/2025\/11\/flores169.jpg","contentUrl":"https:\/\/www.lapernichecatering.com\/wp-content\/uploads\/2025\/11\/flores169.jpg","width":1902,"height":1070},{"@type":"BreadcrumbList","@id":"https:\/\/www.lapernichecatering.com\/?page_id=10357#breadcrumb","itemListElement":[{"@type":"ListItem","position":1,"name":"Home","item":"https:\/\/www.lapernichecatering.com\/"},{"@type":"ListItem","position":2,"name":"Catering y eventos"}]},{"@type":"WebSite","@id":"https:\/\/www.lapernichecatering.com\/#website","url":"https:\/\/www.lapernichecatering.com\/","name":"La Perniche Catering","description":"","publisher":{"@id":"https:\/\/www.lapernichecatering.com\/#organization"},"potentialAction":[{"@type":"SearchAction","target":{"@type":"EntryPoint","urlTemplate":"https:\/\/www.lapernichecatering.com\/?s={search_term_string}"},"query-input":{"@type":"PropertyValueSpecification","valueRequired":true,"valueName":"search_term_string"}}],"inLanguage":"es"},{"@type":"Organization","@id":"https:\/\/www.lapernichecatering.com\/#organization","name":"La Perniche Catering","url":"https:\/\/www.lapernichecatering.com\/","logo":{"@type":"ImageObject","inLanguage":"es","@id":"https:\/\/www.lapernichecatering.com\/#\/schema\/logo\/image\/","url":"https:\/\/www.lapernichecatering.com\/wp-content\/uploads\/2025\/11\/cropped-Logo_web_250-1.png","contentUrl":"https:\/\/www.lapernichecatering.com\/wp-content\/uploads\/2025\/11\/cropped-Logo_web_250-1.png","width":302,"height":250,"caption":"La Perniche Catering"},"image":{"@id":"https:\/\/www.lapernichecatering.com\/#\/schema\/logo\/image\/"}}]}},"_links":{"self":[{"href":"https:\/\/www.lapernichecatering.com\/index.php?rest_route=\/wp\/v2\/pages\/10357","targetHints":{"allow":["GET"]}}],"collection":[{"href":"https:\/\/www.lapernichecatering.com\/index.php?rest_route=\/wp\/v2\/pages"}],"about":[{"href":"https:\/\/www.lapernichecatering.com\/index.php?rest_route=\/wp\/v2\/types\/page"}],"author":[{"embeddable":true,"href":"https:\/\/www.lapernichecatering.com\/index.php?rest_route=\/wp\/v2\/users\/1"}],"replies":[{"embeddable":true,"href":"https:\/\/www.lapernichecatering.com\/index.php?rest_route=%2Fwp%2Fv2%2Fcomments&post=10357"}],"version-history":[{"count":73,"href":"https:\/\/www.lapernichecatering.com\/index.php?rest_route=\/wp\/v2\/pages\/10357\/revisions"}],"predecessor-version":[{"id":11407,"href":"https:\/\/www.lapernichecatering.com\/index.php?rest_route=\/wp\/v2\/pages\/10357\/revisions\/11407"}],"wp:attachment":[{"href":"https:\/\/www.lapernichecatering.com\/index.php?rest_route=%2Fwp%2Fv2%2Fmedia&parent=10357"}],"curies":[{"name":"wp","href":"https:\/\/api.w.org\/{rel}","templated":true}]}}