{"id":293,"date":"2021-11-03T02:45:01","date_gmt":"2021-11-03T02:45:01","guid":{"rendered":"https:\/\/demo2wpopal.b-cdn.net\/xocora\/?page_id=293"},"modified":"2026-01-03T14:36:16","modified_gmt":"2026-01-03T13:36:16","slug":"about-us","status":"publish","type":"page","link":"https:\/\/www.lapernichecatering.com\/?page_id=293","title":{"rendered":"Sobre nosotras"},"content":{"rendered":"\t\t<div data-elementor-type=\"wp-page\" data-elementor-id=\"293\" class=\"elementor elementor-293\">\n\t\t\t\t\t\t<div class=\"elementor-section elementor-top-section elementor-element elementor-element-d25e03c elementor-section-height-min-height elementor-section-stretched elementor-section-boxed elementor-section-height-default elementor-section-items-middle\" data-id=\"d25e03c\" data-element_type=\"section\" data-settings=\"{&quot;background_background&quot;:&quot;classic&quot;,&quot;stretch_section&quot;:&quot;section-stretched&quot;}\">\n\t\t\t\t\t\t<div class=\"elementor-container elementor-column-gap-no\">\n\t\t\t\t\t<div class=\"elementor-column elementor-col-100 elementor-top-column elementor-element elementor-element-e70a5da\" data-id=\"e70a5da\" data-element_type=\"column\">\n\t\t\t<div class=\"elementor-widget-wrap\">\n\t\t\t\t\t\t\t<\/div>\n\t\t<\/div>\n\t\t\t\t\t<\/div>\n\t\t<\/div>\n\t\t\t\t<div class=\"elementor-section elementor-top-section elementor-element elementor-element-b84f98a elementor-section-full_width elementor-section-stretched elementor-section-height-default elementor-section-height-default\" data-id=\"b84f98a\" data-element_type=\"section\" data-settings=\"{&quot;stretch_section&quot;:&quot;section-stretched&quot;,&quot;background_background&quot;:&quot;classic&quot;}\">\n\t\t\t\t\t\t<div class=\"elementor-container elementor-column-gap-no\">\n\t\t\t\t\t<div class=\"elementor-column elementor-col-100 elementor-top-column elementor-element elementor-element-aed1b0a\" data-id=\"aed1b0a\" data-element_type=\"column\" data-settings=\"{&quot;background_background&quot;:&quot;classic&quot;}\">\n\t\t\t<div class=\"elementor-widget-wrap elementor-element-populated\">\n\t\t\t\t\t\t<div class=\"elementor-element elementor-element-9536f6b elementor-widget__width-initial elementor-widget elementor-widget-heading\" data-id=\"9536f6b\" data-element_type=\"widget\" data-widget_type=\"heading.default\">\n\t\t\t\t\t<h2 class=\"elementor-heading-title elementor-size-default\">Sobre nosotras<\/h2>\t\t\t\t<\/div>\n\t\t\t\t<div class=\"elementor-section elementor-inner-section elementor-element elementor-element-2a3703e elementor-section-boxed elementor-section-height-default elementor-section-height-default\" data-id=\"2a3703e\" data-element_type=\"section\">\n\t\t\t\t\t\t<div class=\"elementor-container elementor-column-gap-no\">\n\t\t\t\t\t<div class=\"elementor-column elementor-col-50 elementor-inner-column elementor-element elementor-element-9dc2b6e\" data-id=\"9dc2b6e\" data-element_type=\"column\">\n\t\t\t<div class=\"elementor-widget-wrap elementor-element-populated\">\n\t\t\t\t\t\t<div class=\"elementor-element elementor-element-b4633d3 elementor-widget elementor-widget-image\" data-id=\"b4633d3\" data-element_type=\"widget\" data-widget_type=\"image.default\">\n\t\t\t\t\t\t\t\t\t\t\t\t\t\t\t<img fetchpriority=\"high\" decoding=\"async\" width=\"450\" height=\"350\" src=\"https:\/\/www.lapernichecatering.com\/wp-content\/uploads\/2025\/12\/Cambiar-foto-sobre-nosotras-v3-2-1.jpg\" class=\"attachment-full size-full wp-image-11369\" alt=\"\" \/>\t\t\t\t\t\t\t\t\t\t\t\t\t\t\t<\/div>\n\t\t\t\t<div class=\"elementor-element elementor-element-12603a2 elementor-widget-mobile__width-initial elementor-widget elementor-widget-text-editor\" data-id=\"12603a2\" data-element_type=\"widget\" data-widget_type=\"text-editor.default\">\n\t\t\t\t\t\t\t\t\t<div id=\"1949667608\" class=\"u_1949667608 dmRespCol small-12 large-4 medium-4\"><div id=\"1146834149\" class=\"u_1146834149 dmNewParagraph\" data-element-type=\"paragraph\" data-version=\"5\"><p><span style=\"font-weight: 400;\">Universo La Perniche<\/span><\/p><p><span style=\"font-weight: 400;\">En una conversaci\u00f3n entre amigos y familia, mientras compart\u00edamos la ilusi\u00f3n por nuestro proyecto de catering y comida a domicilio, surgi\u00f3 la pregunta que nos hizo detenernos:<\/span><\/p><p><span style=\"font-weight: 400;\">\u201cCon tantas empresas de catering, \u00bfen qu\u00e9 se diferencia la vuestra?\u201d<\/span><\/p><p><span style=\"font-weight: 400;\">Una pregunta sencilla, pero con una respuesta que va mucho m\u00e1s all\u00e1.<\/span><\/p><p><span style=\"font-weight: 400;\">Lo primero, el producto.<\/span><\/p><p><span style=\"font-weight: 400;\">Cada ingrediente es buscado y seleccionado con cari\u00f1o hasta encontrar \u201cel nuestro\u201d: de origen espa\u00f1ol, de la huerta del abuelo, la miel de La Mancha, los quesos de Castilla\u2026 Queremos que quien pruebe nuestros platos sienta la autenticidad del producto, su sabor y su historia. Y que, gracias a una elaboraci\u00f3n delicada y respetuosa, cada bocado se convierta en un peque\u00f1o momento de felicidad.<\/span><\/p><\/div><\/div>\t\t\t\t\t\t\t\t<\/div>\n\t\t\t\t\t<\/div>\n\t\t<\/div>\n\t\t\t\t<div class=\"elementor-column elementor-col-50 elementor-inner-column elementor-element elementor-element-9b6d252\" data-id=\"9b6d252\" data-element_type=\"column\">\n\t\t\t<div class=\"elementor-widget-wrap elementor-element-populated\">\n\t\t\t\t\t\t<div class=\"elementor-element elementor-element-b85fb1f elementor-widget elementor-widget-image\" data-id=\"b85fb1f\" data-element_type=\"widget\" data-widget_type=\"image.default\">\n\t\t\t\t\t\t\t\t\t\t\t\t\t\t\t<img decoding=\"async\" width=\"450\" height=\"350\" src=\"https:\/\/www.lapernichecatering.com\/wp-content\/uploads\/2025\/12\/Cambiar-segunda-foto-sobre-decoracion-en-SOBRE-NOSOTRAS-v2-1-1.jpg\" class=\"attachment-full size-full wp-image-11370\" alt=\"\" \/>\t\t\t\t\t\t\t\t\t\t\t\t\t\t\t<\/div>\n\t\t\t\t<div class=\"elementor-element elementor-element-0f5fce5 elementor-widget-mobile__width-initial elementor-widget elementor-widget-text-editor\" data-id=\"0f5fce5\" data-element_type=\"widget\" data-widget_type=\"text-editor.default\">\n\t\t\t\t\t\t\t\t\t<div id=\"1133420126\" class=\"u_1133420126 dmRespCol small-12 large-4 medium-4\"><div id=\"1364776652\" class=\"u_1364776652 dmNewParagraph\" data-version=\"5\"><p><span style=\"font-weight: 400;\">Lo segundo, la decoraci\u00f3n.<\/span><\/p><p><span style=\"font-weight: 400;\">Es un sello muy nuestro. Nos gusta visitar los espacios donde vamos a trabajar, escuchar los gustos del cliente, imaginar c\u00f3mo podemos transformar cada rinc\u00f3n. A trav\u00e9s de las flores, la elecci\u00f3n del menaje, la cristaler\u00eda y los detalles \u2014desde lo r\u00fastico hasta lo m\u00e1s cl\u00e1sico\u2014 buscamos crear ambientes que reflejen la esencia de La Perniche. Es, sin duda, una de las partes que m\u00e1s disfrutamos.<\/span><\/p><p><span style=\"font-weight: 400;\">Y luego est\u00e1 todo lo que no se ve, pero se siente:<\/span><\/p><p><span style=\"font-weight: 400;\">Que somos j\u00f3venes y queremos emprender de una manera distinta.<\/span><\/p><p><span style=\"font-weight: 400;\">Que hemos crecido entre la cocina de la abuela Mar\u00eda y la de nuestros t\u00edos.<\/span><\/p><p><span style=\"font-weight: 400;\">Que hemos aprendido de una madre que convierte cada celebraci\u00f3n en un evento, y de un padre que nos ha transmitido el amor por el campo.<\/span><\/p><p><span style=\"font-weight: 400;\">Que venimos de historias, sabores y vivencias que nos han hecho quienes somos.<\/span><\/p><p><span style=\"font-weight: 400;\">Eso es lo que diferencia a La Perniche.<\/span><\/p><p><span style=\"font-weight: 400;\">Ese es nuestro universo.<\/span><\/p><p><span style=\"font-weight: 400;\">Mar\u00eda y Carmen<\/span><\/p><\/div><\/div>\t\t\t\t\t\t\t\t<\/div>\n\t\t\t\t\t<\/div>\n\t\t<\/div>\n\t\t\t\t\t<\/div>\n\t\t<\/div>\n\t\t\t\t\t<\/div>\n\t\t<\/div>\n\t\t\t\t\t<\/div>\n\t\t<\/div>\n\t\t\t\t<\/div>\n\t\t","protected":false},"excerpt":{"rendered":"<p>Sobre nosotras Universo La Perniche En una conversaci\u00f3n entre amigos y familia, mientras compart\u00edamos la ilusi\u00f3n por nuestro proyecto de catering y comida a domicilio, surgi\u00f3 la pregunta que nos hizo detenernos: \u201cCon tantas empresas de catering, \u00bfen qu\u00e9 se diferencia la vuestra?\u201d Una pregunta sencilla, pero con una respuesta que va mucho m\u00e1s all\u00e1. [&hellip;]<\/p>\n","protected":false},"author":1,"featured_media":0,"parent":0,"menu_order":0,"comment_status":"closed","ping_status":"closed","template":"template-homepage.php","meta":{"footnotes":""},"class_list":["post-293","page","type-page","status-publish","hentry"],"yoast_head":"<!-- This site is optimized with the Yoast SEO plugin v26.6 - https:\/\/yoast.com\/wordpress\/plugins\/seo\/ -->\n<title>Sobre nosotras - La Perniche Catering<\/title>\n<meta name=\"robots\" content=\"index, follow, max-snippet:-1, max-image-preview:large, max-video-preview:-1\" \/>\n<link rel=\"canonical\" href=\"https:\/\/www.lapernichecatering.com\/?page_id=293\" \/>\n<meta property=\"og:locale\" content=\"es_ES\" \/>\n<meta property=\"og:type\" content=\"article\" \/>\n<meta property=\"og:title\" content=\"Sobre nosotras - La Perniche Catering\" \/>\n<meta property=\"og:description\" content=\"Sobre nosotras Universo La Perniche En una conversaci\u00f3n entre amigos y familia, mientras compart\u00edamos la ilusi\u00f3n por nuestro proyecto de catering y comida a domicilio, surgi\u00f3 la pregunta que nos hizo detenernos: \u201cCon tantas empresas de catering, \u00bfen qu\u00e9 se diferencia la vuestra?\u201d Una pregunta sencilla, pero con una respuesta que va mucho m\u00e1s all\u00e1. [&hellip;]\" \/>\n<meta property=\"og:url\" content=\"https:\/\/www.lapernichecatering.com\/?page_id=293\" \/>\n<meta property=\"og:site_name\" content=\"La Perniche Catering\" \/>\n<meta property=\"article:modified_time\" content=\"2026-01-03T13:36:16+00:00\" \/>\n<meta property=\"og:image\" content=\"https:\/\/lapernichecatering.com\/wp-content\/uploads\/2025\/12\/Cambiar-foto-sobre-nosotras-v3-2-1.jpg\" \/>\n<meta name=\"twitter:card\" content=\"summary_large_image\" \/>\n<meta name=\"twitter:label1\" content=\"Est. reading time\" \/>\n\t<meta name=\"twitter:data1\" content=\"2 minutos\" \/>\n<script type=\"application\/ld+json\" class=\"yoast-schema-graph\">{\"@context\":\"https:\/\/schema.org\",\"@graph\":[{\"@type\":\"WebPage\",\"@id\":\"https:\/\/www.lapernichecatering.com\/?page_id=293\",\"url\":\"https:\/\/www.lapernichecatering.com\/?page_id=293\",\"name\":\"Sobre nosotras - La Perniche Catering\",\"isPartOf\":{\"@id\":\"https:\/\/www.lapernichecatering.com\/#website\"},\"primaryImageOfPage\":{\"@id\":\"https:\/\/www.lapernichecatering.com\/?page_id=293#primaryimage\"},\"image\":{\"@id\":\"https:\/\/www.lapernichecatering.com\/?page_id=293#primaryimage\"},\"thumbnailUrl\":\"https:\/\/lapernichecatering.com\/wp-content\/uploads\/2025\/12\/Cambiar-foto-sobre-nosotras-v3-2-1.jpg\",\"datePublished\":\"2021-11-03T02:45:01+00:00\",\"dateModified\":\"2026-01-03T13:36:16+00:00\",\"breadcrumb\":{\"@id\":\"https:\/\/www.lapernichecatering.com\/?page_id=293#breadcrumb\"},\"inLanguage\":\"es\",\"potentialAction\":[{\"@type\":\"ReadAction\",\"target\":[\"https:\/\/www.lapernichecatering.com\/?page_id=293\"]}]},{\"@type\":\"ImageObject\",\"inLanguage\":\"es\",\"@id\":\"https:\/\/www.lapernichecatering.com\/?page_id=293#primaryimage\",\"url\":\"https:\/\/lapernichecatering.com\/wp-content\/uploads\/2025\/12\/Cambiar-foto-sobre-nosotras-v3-2-1.jpg\",\"contentUrl\":\"https:\/\/lapernichecatering.com\/wp-content\/uploads\/2025\/12\/Cambiar-foto-sobre-nosotras-v3-2-1.jpg\"},{\"@type\":\"BreadcrumbList\",\"@id\":\"https:\/\/www.lapernichecatering.com\/?page_id=293#breadcrumb\",\"itemListElement\":[{\"@type\":\"ListItem\",\"position\":1,\"name\":\"Home\",\"item\":\"https:\/\/www.lapernichecatering.com\/\"},{\"@type\":\"ListItem\",\"position\":2,\"name\":\"Sobre nosotras\"}]},{\"@type\":\"WebSite\",\"@id\":\"https:\/\/www.lapernichecatering.com\/#website\",\"url\":\"https:\/\/www.lapernichecatering.com\/\",\"name\":\"La Perniche Catering\",\"description\":\"\",\"publisher\":{\"@id\":\"https:\/\/www.lapernichecatering.com\/#organization\"},\"potentialAction\":[{\"@type\":\"SearchAction\",\"target\":{\"@type\":\"EntryPoint\",\"urlTemplate\":\"https:\/\/www.lapernichecatering.com\/?s={search_term_string}\"},\"query-input\":{\"@type\":\"PropertyValueSpecification\",\"valueRequired\":true,\"valueName\":\"search_term_string\"}}],\"inLanguage\":\"es\"},{\"@type\":\"Organization\",\"@id\":\"https:\/\/www.lapernichecatering.com\/#organization\",\"name\":\"La Perniche Catering\",\"url\":\"https:\/\/www.lapernichecatering.com\/\",\"logo\":{\"@type\":\"ImageObject\",\"inLanguage\":\"es\",\"@id\":\"https:\/\/www.lapernichecatering.com\/#\/schema\/logo\/image\/\",\"url\":\"https:\/\/www.lapernichecatering.com\/wp-content\/uploads\/2025\/11\/cropped-Logo_web_250-1.png\",\"contentUrl\":\"https:\/\/www.lapernichecatering.com\/wp-content\/uploads\/2025\/11\/cropped-Logo_web_250-1.png\",\"width\":302,\"height\":250,\"caption\":\"La Perniche Catering\"},\"image\":{\"@id\":\"https:\/\/www.lapernichecatering.com\/#\/schema\/logo\/image\/\"}}]}<\/script>\n<!-- \/ Yoast SEO plugin. -->","yoast_head_json":{"title":"Sobre nosotras - La Perniche Catering","robots":{"index":"index","follow":"follow","max-snippet":"max-snippet:-1","max-image-preview":"max-image-preview:large","max-video-preview":"max-video-preview:-1"},"canonical":"https:\/\/www.lapernichecatering.com\/?page_id=293","og_locale":"es_ES","og_type":"article","og_title":"Sobre nosotras - La Perniche Catering","og_description":"Sobre nosotras Universo La Perniche En una conversaci\u00f3n entre amigos y familia, mientras compart\u00edamos la ilusi\u00f3n por nuestro proyecto de catering y comida a domicilio, surgi\u00f3 la pregunta que nos hizo detenernos: \u201cCon tantas empresas de catering, \u00bfen qu\u00e9 se diferencia la vuestra?\u201d Una pregunta sencilla, pero con una respuesta que va mucho m\u00e1s all\u00e1. [&hellip;]","og_url":"https:\/\/www.lapernichecatering.com\/?page_id=293","og_site_name":"La Perniche Catering","article_modified_time":"2026-01-03T13:36:16+00:00","og_image":[{"url":"https:\/\/lapernichecatering.com\/wp-content\/uploads\/2025\/12\/Cambiar-foto-sobre-nosotras-v3-2-1.jpg","type":"","width":"","height":""}],"twitter_card":"summary_large_image","twitter_misc":{"Est. reading time":"2 minutos"},"schema":{"@context":"https:\/\/schema.org","@graph":[{"@type":"WebPage","@id":"https:\/\/www.lapernichecatering.com\/?page_id=293","url":"https:\/\/www.lapernichecatering.com\/?page_id=293","name":"Sobre nosotras - La Perniche Catering","isPartOf":{"@id":"https:\/\/www.lapernichecatering.com\/#website"},"primaryImageOfPage":{"@id":"https:\/\/www.lapernichecatering.com\/?page_id=293#primaryimage"},"image":{"@id":"https:\/\/www.lapernichecatering.com\/?page_id=293#primaryimage"},"thumbnailUrl":"https:\/\/lapernichecatering.com\/wp-content\/uploads\/2025\/12\/Cambiar-foto-sobre-nosotras-v3-2-1.jpg","datePublished":"2021-11-03T02:45:01+00:00","dateModified":"2026-01-03T13:36:16+00:00","breadcrumb":{"@id":"https:\/\/www.lapernichecatering.com\/?page_id=293#breadcrumb"},"inLanguage":"es","potentialAction":[{"@type":"ReadAction","target":["https:\/\/www.lapernichecatering.com\/?page_id=293"]}]},{"@type":"ImageObject","inLanguage":"es","@id":"https:\/\/www.lapernichecatering.com\/?page_id=293#primaryimage","url":"https:\/\/lapernichecatering.com\/wp-content\/uploads\/2025\/12\/Cambiar-foto-sobre-nosotras-v3-2-1.jpg","contentUrl":"https:\/\/lapernichecatering.com\/wp-content\/uploads\/2025\/12\/Cambiar-foto-sobre-nosotras-v3-2-1.jpg"},{"@type":"BreadcrumbList","@id":"https:\/\/www.lapernichecatering.com\/?page_id=293#breadcrumb","itemListElement":[{"@type":"ListItem","position":1,"name":"Home","item":"https:\/\/www.lapernichecatering.com\/"},{"@type":"ListItem","position":2,"name":"Sobre nosotras"}]},{"@type":"WebSite","@id":"https:\/\/www.lapernichecatering.com\/#website","url":"https:\/\/www.lapernichecatering.com\/","name":"La Perniche Catering","description":"","publisher":{"@id":"https:\/\/www.lapernichecatering.com\/#organization"},"potentialAction":[{"@type":"SearchAction","target":{"@type":"EntryPoint","urlTemplate":"https:\/\/www.lapernichecatering.com\/?s={search_term_string}"},"query-input":{"@type":"PropertyValueSpecification","valueRequired":true,"valueName":"search_term_string"}}],"inLanguage":"es"},{"@type":"Organization","@id":"https:\/\/www.lapernichecatering.com\/#organization","name":"La Perniche Catering","url":"https:\/\/www.lapernichecatering.com\/","logo":{"@type":"ImageObject","inLanguage":"es","@id":"https:\/\/www.lapernichecatering.com\/#\/schema\/logo\/image\/","url":"https:\/\/www.lapernichecatering.com\/wp-content\/uploads\/2025\/11\/cropped-Logo_web_250-1.png","contentUrl":"https:\/\/www.lapernichecatering.com\/wp-content\/uploads\/2025\/11\/cropped-Logo_web_250-1.png","width":302,"height":250,"caption":"La Perniche Catering"},"image":{"@id":"https:\/\/www.lapernichecatering.com\/#\/schema\/logo\/image\/"}}]}},"_links":{"self":[{"href":"https:\/\/www.lapernichecatering.com\/index.php?rest_route=\/wp\/v2\/pages\/293","targetHints":{"allow":["GET"]}}],"collection":[{"href":"https:\/\/www.lapernichecatering.com\/index.php?rest_route=\/wp\/v2\/pages"}],"about":[{"href":"https:\/\/www.lapernichecatering.com\/index.php?rest_route=\/wp\/v2\/types\/page"}],"author":[{"embeddable":true,"href":"https:\/\/www.lapernichecatering.com\/index.php?rest_route=\/wp\/v2\/users\/1"}],"replies":[{"embeddable":true,"href":"https:\/\/www.lapernichecatering.com\/index.php?rest_route=%2Fwp%2Fv2%2Fcomments&post=293"}],"version-history":[{"count":19,"href":"https:\/\/www.lapernichecatering.com\/index.php?rest_route=\/wp\/v2\/pages\/293\/revisions"}],"predecessor-version":[{"id":11468,"href":"https:\/\/www.lapernichecatering.com\/index.php?rest_route=\/wp\/v2\/pages\/293\/revisions\/11468"}],"wp:attachment":[{"href":"https:\/\/www.lapernichecatering.com\/index.php?rest_route=%2Fwp%2Fv2%2Fmedia&parent=293"}],"curies":[{"name":"wp","href":"https:\/\/api.w.org\/{rel}","templated":true}]}}