{"id":7965,"date":"2021-11-10T09:52:09","date_gmt":"2021-11-10T09:52:09","guid":{"rendered":"https:\/\/demo2wpopal.b-cdn.net\/xocora\/?page_id=7965"},"modified":"2026-03-22T17:17:55","modified_gmt":"2026-03-22T16:17:55","slug":"contact-01","status":"publish","type":"page","link":"https:\/\/www.lapernichecatering.com\/?page_id=7965","title":{"rendered":"CONTACTA"},"content":{"rendered":"\t\t<div data-elementor-type=\"wp-page\" data-elementor-id=\"7965\" class=\"elementor elementor-7965\">\n\t\t\t\t\t\t<div class=\"elementor-section elementor-top-section elementor-element elementor-element-fe24619 elementor-section-height-min-height elementor-section-stretched elementor-section-boxed elementor-section-height-default elementor-section-items-middle\" data-id=\"fe24619\" data-element_type=\"section\" data-settings=\"{&quot;stretch_section&quot;:&quot;section-stretched&quot;,&quot;background_background&quot;:&quot;classic&quot;}\">\n\t\t\t\t\t\t<div class=\"elementor-container elementor-column-gap-no\">\n\t\t\t\t\t<div class=\"elementor-column elementor-col-100 elementor-top-column elementor-element elementor-element-3df717e\" data-id=\"3df717e\" data-element_type=\"column\">\n\t\t\t<div class=\"elementor-widget-wrap\">\n\t\t\t\t\t\t\t<\/div>\n\t\t<\/div>\n\t\t\t\t\t<\/div>\n\t\t<\/div>\n\t\t\t\t<div class=\"elementor-section elementor-top-section elementor-element elementor-element-ceabf60 elementor-section-stretched elementor-section-boxed elementor-section-height-default elementor-section-height-default\" data-id=\"ceabf60\" data-element_type=\"section\" data-settings=\"{&quot;stretch_section&quot;:&quot;section-stretched&quot;,&quot;background_background&quot;:&quot;classic&quot;}\">\n\t\t\t\t\t\t<div class=\"elementor-container elementor-column-gap-no\">\n\t\t\t\t\t<div class=\"elementor-column elementor-col-50 elementor-top-column elementor-element elementor-element-7f3760a\" data-id=\"7f3760a\" data-element_type=\"column\">\n\t\t\t<div class=\"elementor-widget-wrap elementor-element-populated\">\n\t\t\t\t\t\t<div class=\"elementor-element elementor-element-0b4f5f7 elementor-widget elementor-widget-heading\" data-id=\"0b4f5f7\" data-element_type=\"widget\" data-widget_type=\"heading.default\">\n\t\t\t\t\t<h4 class=\"elementor-heading-title elementor-size-default\">Contacta con nosotros<\/h4>\t\t\t\t<\/div>\n\t\t\t\t<div class=\"elementor-element elementor-element-ec02735 elementor-widget__width-initial elementor-widget elementor-widget-text-editor\" data-id=\"ec02735\" data-element_type=\"widget\" data-widget_type=\"text-editor.default\">\n\t\t\t\t\t\t\t\t\t<p>Resolvemos tus dudas acerca del servicio a domicilio.\u00a0<a href=\"http:\/\/lapernichecatering.com\/?page_id=6043\">FAQ<\/a><\/p>\t\t\t\t\t\t\t\t<\/div>\n\t\t\t\t<div class=\"elementor-element elementor-element-fb1bccb elementor-widget elementor-widget-xocora-contactform\" data-id=\"fb1bccb\" data-element_type=\"widget\" data-widget_type=\"xocora-contactform.default\">\n\t\t\t\t<div class=\"elementor-widget-container\">\n\t\t\t\t\t\n<div class=\"wpcf7 no-js\" id=\"wpcf7-f8161-o1\" lang=\"en-US\" dir=\"ltr\" data-wpcf7-id=\"8161\">\n<div class=\"screen-reader-response\"><p role=\"status\" aria-live=\"polite\" aria-atomic=\"true\"><\/p> <ul><\/ul><\/div>\n<form action=\"\/index.php?rest_route=%2Fwp%2Fv2%2Fpages%2F7965#wpcf7-f8161-o1\" method=\"post\" class=\"wpcf7-form init\" aria-label=\"Contact form\" novalidate=\"novalidate\" data-status=\"init\">\n<fieldset class=\"hidden-fields-container\"><input type=\"hidden\" name=\"_wpcf7\" value=\"8161\" \/><input type=\"hidden\" name=\"_wpcf7_version\" value=\"6.1.2\" \/><input type=\"hidden\" name=\"_wpcf7_locale\" value=\"en_US\" \/><input type=\"hidden\" name=\"_wpcf7_unit_tag\" value=\"wpcf7-f8161-o1\" \/><input type=\"hidden\" name=\"_wpcf7_container_post\" value=\"0\" \/><input type=\"hidden\" name=\"_wpcf7_posted_data_hash\" value=\"\" \/><input type=\"hidden\" name=\"_wpcf7_recaptcha_response\" value=\"\" \/>\n<\/fieldset>\n<p><label> Nombre y apellidos*<br \/>\n<span class=\"wpcf7-form-control-wrap\" data-name=\"your-name\"><input size=\"40\" maxlength=\"400\" class=\"wpcf7-form-control wpcf7-text wpcf7-validates-as-required\" autocomplete=\"name\" aria-required=\"true\" aria-invalid=\"false\" value=\"\" type=\"text\" name=\"your-name\" \/><\/span> <\/label><br \/>\n<label> Email*<br \/>\n<span class=\"wpcf7-form-control-wrap\" data-name=\"your-email\"><input size=\"40\" maxlength=\"400\" class=\"wpcf7-form-control wpcf7-email wpcf7-validates-as-required wpcf7-text wpcf7-validates-as-email\" autocomplete=\"email\" aria-required=\"true\" aria-invalid=\"false\" value=\"\" type=\"email\" name=\"your-email\" \/><\/span> <\/label>\n<\/p>\n<p><label> Tel\u00e9fono*<br \/>\n<span class=\"wpcf7-form-control-wrap\" data-name=\"tel-13\"><input size=\"40\" maxlength=\"400\" class=\"wpcf7-form-control wpcf7-tel wpcf7-validates-as-required wpcf7-text wpcf7-validates-as-tel\" aria-required=\"true\" aria-invalid=\"false\" value=\"\" type=\"tel\" name=\"tel-13\" \/><\/span><\/label>\n<\/p>\n<p><label> Fecha del evento*<br \/>\n<span class=\"wpcf7-form-control-wrap\" data-name=\"date-127\"><input class=\"wpcf7-form-control wpcf7-date wpcf7-validates-as-required wpcf7-validates-as-date\" aria-required=\"true\" aria-invalid=\"false\" value=\"\" type=\"date\" name=\"date-127\" \/><\/span><\/label>\n<\/p>\n<p><label> N\u00famero de comensales*<br \/>\n<span class=\"wpcf7-form-control-wrap\" data-name=\"people\"><input size=\"40\" maxlength=\"400\" class=\"wpcf7-form-control wpcf7-text wpcf7-validates-as-required\" aria-required=\"true\" aria-invalid=\"false\" value=\"\" type=\"text\" name=\"people\" \/><\/span> <\/label>\n<\/p>\n<p><label> Tipo de evento*<br \/>\n<span class=\"wpcf7-form-control-wrap\" data-name=\"tipo-catering\"><select class=\"wpcf7-form-control wpcf7-select wpcf7-validates-as-required\" aria-required=\"true\" aria-invalid=\"false\" name=\"tipo-catering\"><option value=\"Catering - Evento privado\">Catering - Evento privado<\/option><option value=\"Catering - Evento corporativo\">Catering - Evento corporativo<\/option><option value=\"Catering - Delivery\">Catering - Delivery<\/option><option value=\"Catering - Delivery con servicio de camareros\">Catering - Delivery con servicio de camareros<\/option><\/select><\/span> <\/label>\n<\/p>\n<p><label> Decoraci\u00f3n del evento*<\/label><br \/>\n<span class=\"wpcf7-form-control-wrap\" data-name=\"checkbox-348\"><span class=\"wpcf7-form-control wpcf7-checkbox wpcf7-validates-as-required\"><span class=\"wpcf7-list-item first\"><label><input type=\"checkbox\" name=\"checkbox-348[]\" value=\"Floral\" \/><span class=\"wpcf7-list-item-label\">Floral<\/span><\/label><\/span><span class=\"wpcf7-list-item\"><label><input type=\"checkbox\" name=\"checkbox-348[]\" value=\"Elementos decorativos\" \/><span class=\"wpcf7-list-item-label\">Elementos decorativos<\/span><\/label><\/span><span class=\"wpcf7-list-item\"><label><input type=\"checkbox\" name=\"checkbox-348[]\" value=\"Vajilla y cristaler\u00eda\" \/><span class=\"wpcf7-list-item-label\">Vajilla y cristaler\u00eda<\/span><\/label><\/span><span class=\"wpcf7-list-item last\"><label><input type=\"checkbox\" name=\"checkbox-348[]\" value=\"Ninguna opci\u00f3n me interesa\" \/><span class=\"wpcf7-list-item-label\">Ninguna opci\u00f3n me interesa<\/span><\/label><\/span><\/span><\/span>\n<\/p>\n<p><label> Mensaje (opcional)<br \/>\n<span class=\"wpcf7-form-control-wrap\" data-name=\"your-message\"><textarea cols=\"40\" rows=\"10\" maxlength=\"2000\" class=\"wpcf7-form-control wpcf7-textarea\" aria-invalid=\"false\" name=\"your-message\"><\/textarea><\/span> <\/label>\n<\/p>\n<div class=\"form-button\">\n\t<p><input class=\"wpcf7-form-control wpcf7-submit has-spinner\" type=\"submit\" value=\"Enviar\" \/>\n\t<\/p>\n<\/div><div class=\"wpcf7-response-output\" aria-hidden=\"true\"><\/div>\n<\/form>\n<\/div>\n\t\t\t\t<\/div>\n\t\t\t\t<\/div>\n\t\t\t\t\t<\/div>\n\t\t<\/div>\n\t\t\t\t<div class=\"elementor-column elementor-col-50 elementor-top-column elementor-element elementor-element-495f820 elementor-hidden-mobile_extra elementor-hidden-mobile\" data-id=\"495f820\" data-element_type=\"column\">\n\t\t\t<div class=\"elementor-widget-wrap elementor-element-populated\">\n\t\t\t\t\t\t<div class=\"elementor-element elementor-element-39ee3ac elementor-widget elementor-widget-image\" data-id=\"39ee3ac\" data-element_type=\"widget\" data-widget_type=\"image.default\">\n\t\t\t\t\t\t\t\t\t\t\t\t\t\t\t<img fetchpriority=\"high\" decoding=\"async\" width=\"500\" height=\"750\" src=\"https:\/\/www.lapernichecatering.com\/wp-content\/uploads\/2025\/12\/Contacta-con-nosotros-v2.jpg\" class=\"attachment-large size-large wp-image-10950\" alt=\"\" \/>\t\t\t\t\t\t\t\t\t\t\t\t\t\t\t<\/div>\n\t\t\t\t\t<\/div>\n\t\t<\/div>\n\t\t\t\t\t<\/div>\n\t\t<\/div>\n\t\t\t\t<div class=\"elementor-section elementor-top-section elementor-element elementor-element-acdd72d elementor-section-stretched elementor-section-boxed elementor-section-height-default elementor-section-height-default\" data-id=\"acdd72d\" data-element_type=\"section\" data-settings=\"{&quot;stretch_section&quot;:&quot;section-stretched&quot;}\">\n\t\t\t\t\t\t<div class=\"elementor-container elementor-column-gap-no\">\n\t\t\t\t\t<div class=\"elementor-column elementor-col-33 elementor-top-column elementor-element elementor-element-91f867f\" data-id=\"91f867f\" data-element_type=\"column\">\n\t\t\t<div class=\"elementor-widget-wrap elementor-element-populated\">\n\t\t\t\t\t\t<div class=\"elementor-element elementor-element-fc15eb8 elementor-position-left elementor-widget-mobile__width-inherit elementor-widget__width-initial elementor-view-default elementor-mobile-position-top elementor-widget elementor-widget-icon-box\" data-id=\"fc15eb8\" data-element_type=\"widget\" data-widget_type=\"icon-box.default\">\n\t\t\t\t\t\t\t<div class=\"elementor-icon-box-wrapper\">\n\n\t\t\t\t\t\t<div class=\"elementor-icon-box-icon\">\n\t\t\t\t<span  class=\"elementor-icon\">\n\t\t\t\t<i aria-hidden=\"true\" class=\"xocora-icon- xocora-icon-map-pin\"><\/i>\t\t\t\t<\/span>\n\t\t\t<\/div>\n\t\t\t\n\t\t\t\t\t\t<div class=\"elementor-icon-box-content\">\n\n\t\t\t\t\t\t\t\t\t<h3 class=\"elementor-icon-box-title\">\n\t\t\t\t\t\t<span  >\n\t\t\t\t\t\t\tVen a visitar nuestro local\t\t\t\t\t\t<\/span>\n\t\t\t\t\t<\/h3>\n\t\t\t\t\n\t\t\t\t\t\t\t\t\t<p class=\"elementor-icon-box-description\">\n\t\t\t\t\t\tCalle Mirador de la Reina 99, 28035 Madrid\t\t\t\t\t<\/p>\n\t\t\t\t\n\t\t\t<\/div>\n\t\t\t\n\t\t<\/div>\n\t\t\t\t\t\t<\/div>\n\t\t\t\t\t<\/div>\n\t\t<\/div>\n\t\t\t\t<div class=\"elementor-column elementor-col-33 elementor-top-column elementor-element elementor-element-7cbc002\" data-id=\"7cbc002\" data-element_type=\"column\">\n\t\t\t<div class=\"elementor-widget-wrap elementor-element-populated\">\n\t\t\t\t\t\t<div class=\"elementor-element elementor-element-506b4ba elementor-position-left elementor-widget__width-initial elementor-view-default elementor-mobile-position-top elementor-widget elementor-widget-icon-box\" data-id=\"506b4ba\" data-element_type=\"widget\" data-widget_type=\"icon-box.default\">\n\t\t\t\t\t\t\t<div class=\"elementor-icon-box-wrapper\">\n\n\t\t\t\t\t\t<div class=\"elementor-icon-box-icon\">\n\t\t\t\t<span  class=\"elementor-icon\">\n\t\t\t\t<i aria-hidden=\"true\" class=\"xocora-icon- xocora-icon-phone\"><\/i>\t\t\t\t<\/span>\n\t\t\t<\/div>\n\t\t\t\n\t\t\t\t\t\t<div class=\"elementor-icon-box-content\">\n\n\t\t\t\t\t\t\t\t\t<h3 class=\"elementor-icon-box-title\">\n\t\t\t\t\t\t<span  >\n\t\t\t\t\t\t\tEscribenos\t\t\t\t\t\t<\/span>\n\t\t\t\t\t<\/h3>\n\t\t\t\t\n\t\t\t\t\t\t\t\t\t<p class=\"elementor-icon-box-description\">\n\t\t\t\t\t\t+34 669 609 565\ninformacion@laperniche.com\t\t\t\t\t<\/p>\n\t\t\t\t\n\t\t\t<\/div>\n\t\t\t\n\t\t<\/div>\n\t\t\t\t\t\t<\/div>\n\t\t\t\t\t<\/div>\n\t\t<\/div>\n\t\t\t\t<div class=\"elementor-column elementor-col-33 elementor-top-column elementor-element elementor-element-916b517\" data-id=\"916b517\" data-element_type=\"column\">\n\t\t\t<div class=\"elementor-widget-wrap elementor-element-populated\">\n\t\t\t\t\t\t<div class=\"elementor-element elementor-element-5c17233 elementor-position-left elementor-view-default elementor-mobile-position-top elementor-widget elementor-widget-icon-box\" data-id=\"5c17233\" data-element_type=\"widget\" data-widget_type=\"icon-box.default\">\n\t\t\t\t\t\t\t<div class=\"elementor-icon-box-wrapper\">\n\n\t\t\t\t\t\t<div class=\"elementor-icon-box-icon\">\n\t\t\t\t<span  class=\"elementor-icon\">\n\t\t\t\t<i aria-hidden=\"true\" class=\"xocora-icon- xocora-icon-clock\"><\/i>\t\t\t\t<\/span>\n\t\t\t<\/div>\n\t\t\t\n\t\t\t\t\t\t<div class=\"elementor-icon-box-content\">\n\n\t\t\t\t\t\t\t\t\t<h3 class=\"elementor-icon-box-title\">\n\t\t\t\t\t\t<span  >\n\t\t\t\t\t\t\tNuestro horario\t\t\t\t\t\t<\/span>\n\t\t\t\t\t<\/h3>\n\t\t\t\t\n\t\t\t\t\t\t\t\t\t<p class=\"elementor-icon-box-description\">\n\t\t\t\t\t\tLunes a viernes: 9:00 am - 8:00 pm <br> S\u00e1bados: 10:00 am - 14:00 pm\t\t\t\t\t<\/p>\n\t\t\t\t\n\t\t\t<\/div>\n\t\t\t\n\t\t<\/div>\n\t\t\t\t\t\t<\/div>\n\t\t\t\t\t<\/div>\n\t\t<\/div>\n\t\t\t\t\t<\/div>\n\t\t<\/div>\n\t\t<div class=\"elementor-element elementor-element-59f7f86 e-flex e-con-boxed e-con e-parent\" data-id=\"59f7f86\" data-element_type=\"container\">\n\t\t\t\t\t<div class=\"e-con-inner\">\n\t\t\t\t<div class=\"elementor-element elementor-element-57d9698 elementor-widget elementor-widget-google_maps\" data-id=\"57d9698\" data-element_type=\"widget\" data-widget_type=\"google_maps.default\">\n\t\t\t\t\t\t\t<div class=\"elementor-custom-embed\">\n\t\t\t<iframe loading=\"lazy\"\n\t\t\t\t\tsrc=\"https:\/\/maps.google.com\/maps?q=Calle%20Mirador%20de%20la%20Reina%2099%2C%2028035%20Madrid&#038;t=m&#038;z=16&#038;output=embed&#038;iwloc=near\"\n\t\t\t\t\ttitle=\"Calle Mirador de la Reina 99, 28035 Madrid\"\n\t\t\t\t\taria-label=\"Calle Mirador de la Reina 99, 28035 Madrid\"\n\t\t\t><\/iframe>\n\t\t<\/div>\n\t\t\t\t\t\t<\/div>\n\t\t\t\t\t<\/div>\n\t\t\t\t<\/div>\n\t\t\t\t<\/div>\n\t\t","protected":false},"excerpt":{"rendered":"<p>Contacta con nosotros Resolvemos tus dudas acerca del servicio a domicilio.\u00a0FAQ Nombre y apellidos* Email* Tel\u00e9fono* Fecha del evento* N\u00famero de comensales* Tipo de evento* Catering &#8211; Evento privadoCatering &#8211; Evento corporativoCatering &#8211; DeliveryCatering &#8211; Delivery con servicio de camareros Decoraci\u00f3n del evento* FloralElementos decorativosVajilla y cristaler\u00edaNinguna opci\u00f3n me interesa Mensaje (opcional) Ven a visitar [&hellip;]<\/p>\n","protected":false},"author":1,"featured_media":0,"parent":0,"menu_order":0,"comment_status":"closed","ping_status":"closed","template":"template-homepage.php","meta":{"footnotes":""},"class_list":["post-7965","page","type-page","status-publish","hentry"],"yoast_head":"<!-- This site is optimized with the Yoast SEO plugin v26.6 - https:\/\/yoast.com\/wordpress\/plugins\/seo\/ -->\n<title>CONTACTA - La Perniche Catering<\/title>\n<meta name=\"robots\" content=\"index, follow, max-snippet:-1, max-image-preview:large, max-video-preview:-1\" \/>\n<link rel=\"canonical\" href=\"https:\/\/www.lapernichecatering.com\/?page_id=7965\" \/>\n<meta property=\"og:locale\" content=\"es_ES\" \/>\n<meta property=\"og:type\" content=\"article\" \/>\n<meta property=\"og:title\" content=\"CONTACTA - La Perniche Catering\" \/>\n<meta property=\"og:description\" content=\"Contacta con nosotros Resolvemos tus dudas acerca del servicio a domicilio.\u00a0FAQ Nombre y apellidos* Email* Tel\u00e9fono* Fecha del evento* N\u00famero de comensales* Tipo de evento* Catering &#8211; Evento privadoCatering &#8211; Evento corporativoCatering &#8211; DeliveryCatering &#8211; Delivery con servicio de camareros Decoraci\u00f3n del evento* FloralElementos decorativosVajilla y cristaler\u00edaNinguna opci\u00f3n me interesa Mensaje (opcional) Ven a visitar [&hellip;]\" \/>\n<meta property=\"og:url\" content=\"https:\/\/www.lapernichecatering.com\/?page_id=7965\" \/>\n<meta property=\"og:site_name\" content=\"La Perniche Catering\" \/>\n<meta property=\"article:modified_time\" content=\"2026-03-22T16:17:55+00:00\" \/>\n<meta property=\"og:image\" content=\"https:\/\/www.lapernichecatering.com\/wp-content\/uploads\/2025\/12\/Contacta-con-nosotros-v2.jpg\" \/>\n\t<meta property=\"og:image:width\" content=\"500\" \/>\n\t<meta property=\"og:image:height\" content=\"750\" \/>\n\t<meta property=\"og:image:type\" content=\"image\/jpeg\" \/>\n<meta name=\"twitter:card\" content=\"summary_large_image\" \/>\n<meta name=\"twitter:label1\" content=\"Est. reading time\" \/>\n\t<meta name=\"twitter:data1\" content=\"1 minuto\" \/>\n<script type=\"application\/ld+json\" class=\"yoast-schema-graph\">{\"@context\":\"https:\/\/schema.org\",\"@graph\":[{\"@type\":\"WebPage\",\"@id\":\"https:\/\/www.lapernichecatering.com\/?page_id=7965\",\"url\":\"https:\/\/www.lapernichecatering.com\/?page_id=7965\",\"name\":\"CONTACTA - La Perniche Catering\",\"isPartOf\":{\"@id\":\"https:\/\/www.lapernichecatering.com\/#website\"},\"primaryImageOfPage\":{\"@id\":\"https:\/\/www.lapernichecatering.com\/?page_id=7965#primaryimage\"},\"image\":{\"@id\":\"https:\/\/www.lapernichecatering.com\/?page_id=7965#primaryimage\"},\"thumbnailUrl\":\"https:\/\/www.lapernichecatering.com\/wp-content\/uploads\/2025\/12\/Contacta-con-nosotros-v2.jpg\",\"datePublished\":\"2021-11-10T09:52:09+00:00\",\"dateModified\":\"2026-03-22T16:17:55+00:00\",\"breadcrumb\":{\"@id\":\"https:\/\/www.lapernichecatering.com\/?page_id=7965#breadcrumb\"},\"inLanguage\":\"es\",\"potentialAction\":[{\"@type\":\"ReadAction\",\"target\":[\"https:\/\/www.lapernichecatering.com\/?page_id=7965\"]}]},{\"@type\":\"ImageObject\",\"inLanguage\":\"es\",\"@id\":\"https:\/\/www.lapernichecatering.com\/?page_id=7965#primaryimage\",\"url\":\"https:\/\/www.lapernichecatering.com\/wp-content\/uploads\/2025\/12\/Contacta-con-nosotros-v2.jpg\",\"contentUrl\":\"https:\/\/www.lapernichecatering.com\/wp-content\/uploads\/2025\/12\/Contacta-con-nosotros-v2.jpg\",\"width\":500,\"height\":750},{\"@type\":\"BreadcrumbList\",\"@id\":\"https:\/\/www.lapernichecatering.com\/?page_id=7965#breadcrumb\",\"itemListElement\":[{\"@type\":\"ListItem\",\"position\":1,\"name\":\"Home\",\"item\":\"https:\/\/www.lapernichecatering.com\/\"},{\"@type\":\"ListItem\",\"position\":2,\"name\":\"CONTACTA\"}]},{\"@type\":\"WebSite\",\"@id\":\"https:\/\/www.lapernichecatering.com\/#website\",\"url\":\"https:\/\/www.lapernichecatering.com\/\",\"name\":\"La Perniche Catering\",\"description\":\"\",\"publisher\":{\"@id\":\"https:\/\/www.lapernichecatering.com\/#organization\"},\"potentialAction\":[{\"@type\":\"SearchAction\",\"target\":{\"@type\":\"EntryPoint\",\"urlTemplate\":\"https:\/\/www.lapernichecatering.com\/?s={search_term_string}\"},\"query-input\":{\"@type\":\"PropertyValueSpecification\",\"valueRequired\":true,\"valueName\":\"search_term_string\"}}],\"inLanguage\":\"es\"},{\"@type\":\"Organization\",\"@id\":\"https:\/\/www.lapernichecatering.com\/#organization\",\"name\":\"La Perniche Catering\",\"url\":\"https:\/\/www.lapernichecatering.com\/\",\"logo\":{\"@type\":\"ImageObject\",\"inLanguage\":\"es\",\"@id\":\"https:\/\/www.lapernichecatering.com\/#\/schema\/logo\/image\/\",\"url\":\"https:\/\/www.lapernichecatering.com\/wp-content\/uploads\/2025\/11\/cropped-Logo_web_250-1.png\",\"contentUrl\":\"https:\/\/www.lapernichecatering.com\/wp-content\/uploads\/2025\/11\/cropped-Logo_web_250-1.png\",\"width\":302,\"height\":250,\"caption\":\"La Perniche Catering\"},\"image\":{\"@id\":\"https:\/\/www.lapernichecatering.com\/#\/schema\/logo\/image\/\"}}]}<\/script>\n<!-- \/ Yoast SEO plugin. -->","yoast_head_json":{"title":"CONTACTA - La Perniche Catering","robots":{"index":"index","follow":"follow","max-snippet":"max-snippet:-1","max-image-preview":"max-image-preview:large","max-video-preview":"max-video-preview:-1"},"canonical":"https:\/\/www.lapernichecatering.com\/?page_id=7965","og_locale":"es_ES","og_type":"article","og_title":"CONTACTA - La Perniche Catering","og_description":"Contacta con nosotros Resolvemos tus dudas acerca del servicio a domicilio.\u00a0FAQ Nombre y apellidos* Email* Tel\u00e9fono* Fecha del evento* N\u00famero de comensales* Tipo de evento* Catering &#8211; Evento privadoCatering &#8211; Evento corporativoCatering &#8211; DeliveryCatering &#8211; Delivery con servicio de camareros Decoraci\u00f3n del evento* FloralElementos decorativosVajilla y cristaler\u00edaNinguna opci\u00f3n me interesa Mensaje (opcional) Ven a visitar [&hellip;]","og_url":"https:\/\/www.lapernichecatering.com\/?page_id=7965","og_site_name":"La Perniche Catering","article_modified_time":"2026-03-22T16:17:55+00:00","og_image":[{"width":500,"height":750,"url":"https:\/\/www.lapernichecatering.com\/wp-content\/uploads\/2025\/12\/Contacta-con-nosotros-v2.jpg","type":"image\/jpeg"}],"twitter_card":"summary_large_image","twitter_misc":{"Est. reading time":"1 minuto"},"schema":{"@context":"https:\/\/schema.org","@graph":[{"@type":"WebPage","@id":"https:\/\/www.lapernichecatering.com\/?page_id=7965","url":"https:\/\/www.lapernichecatering.com\/?page_id=7965","name":"CONTACTA - La Perniche Catering","isPartOf":{"@id":"https:\/\/www.lapernichecatering.com\/#website"},"primaryImageOfPage":{"@id":"https:\/\/www.lapernichecatering.com\/?page_id=7965#primaryimage"},"image":{"@id":"https:\/\/www.lapernichecatering.com\/?page_id=7965#primaryimage"},"thumbnailUrl":"https:\/\/www.lapernichecatering.com\/wp-content\/uploads\/2025\/12\/Contacta-con-nosotros-v2.jpg","datePublished":"2021-11-10T09:52:09+00:00","dateModified":"2026-03-22T16:17:55+00:00","breadcrumb":{"@id":"https:\/\/www.lapernichecatering.com\/?page_id=7965#breadcrumb"},"inLanguage":"es","potentialAction":[{"@type":"ReadAction","target":["https:\/\/www.lapernichecatering.com\/?page_id=7965"]}]},{"@type":"ImageObject","inLanguage":"es","@id":"https:\/\/www.lapernichecatering.com\/?page_id=7965#primaryimage","url":"https:\/\/www.lapernichecatering.com\/wp-content\/uploads\/2025\/12\/Contacta-con-nosotros-v2.jpg","contentUrl":"https:\/\/www.lapernichecatering.com\/wp-content\/uploads\/2025\/12\/Contacta-con-nosotros-v2.jpg","width":500,"height":750},{"@type":"BreadcrumbList","@id":"https:\/\/www.lapernichecatering.com\/?page_id=7965#breadcrumb","itemListElement":[{"@type":"ListItem","position":1,"name":"Home","item":"https:\/\/www.lapernichecatering.com\/"},{"@type":"ListItem","position":2,"name":"CONTACTA"}]},{"@type":"WebSite","@id":"https:\/\/www.lapernichecatering.com\/#website","url":"https:\/\/www.lapernichecatering.com\/","name":"La Perniche Catering","description":"","publisher":{"@id":"https:\/\/www.lapernichecatering.com\/#organization"},"potentialAction":[{"@type":"SearchAction","target":{"@type":"EntryPoint","urlTemplate":"https:\/\/www.lapernichecatering.com\/?s={search_term_string}"},"query-input":{"@type":"PropertyValueSpecification","valueRequired":true,"valueName":"search_term_string"}}],"inLanguage":"es"},{"@type":"Organization","@id":"https:\/\/www.lapernichecatering.com\/#organization","name":"La Perniche Catering","url":"https:\/\/www.lapernichecatering.com\/","logo":{"@type":"ImageObject","inLanguage":"es","@id":"https:\/\/www.lapernichecatering.com\/#\/schema\/logo\/image\/","url":"https:\/\/www.lapernichecatering.com\/wp-content\/uploads\/2025\/11\/cropped-Logo_web_250-1.png","contentUrl":"https:\/\/www.lapernichecatering.com\/wp-content\/uploads\/2025\/11\/cropped-Logo_web_250-1.png","width":302,"height":250,"caption":"La Perniche Catering"},"image":{"@id":"https:\/\/www.lapernichecatering.com\/#\/schema\/logo\/image\/"}}]}},"_links":{"self":[{"href":"https:\/\/www.lapernichecatering.com\/index.php?rest_route=\/wp\/v2\/pages\/7965","targetHints":{"allow":["GET"]}}],"collection":[{"href":"https:\/\/www.lapernichecatering.com\/index.php?rest_route=\/wp\/v2\/pages"}],"about":[{"href":"https:\/\/www.lapernichecatering.com\/index.php?rest_route=\/wp\/v2\/types\/page"}],"author":[{"embeddable":true,"href":"https:\/\/www.lapernichecatering.com\/index.php?rest_route=\/wp\/v2\/users\/1"}],"replies":[{"embeddable":true,"href":"https:\/\/www.lapernichecatering.com\/index.php?rest_route=%2Fwp%2Fv2%2Fcomments&post=7965"}],"version-history":[{"count":34,"href":"https:\/\/www.lapernichecatering.com\/index.php?rest_route=\/wp\/v2\/pages\/7965\/revisions"}],"predecessor-version":[{"id":12133,"href":"https:\/\/www.lapernichecatering.com\/index.php?rest_route=\/wp\/v2\/pages\/7965\/revisions\/12133"}],"wp:attachment":[{"href":"https:\/\/www.lapernichecatering.com\/index.php?rest_route=%2Fwp%2Fv2%2Fmedia&parent=7965"}],"curies":[{"name":"wp","href":"https:\/\/api.w.org\/{rel}","templated":true}]}}