{"id":11051,"date":"2025-12-08T18:28:47","date_gmt":"2025-12-08T17:28:47","guid":{"rendered":"https:\/\/lapernichecatering.com\/?post_type=product&#038;p=11051"},"modified":"2026-01-30T10:17:47","modified_gmt":"2026-01-30T09:17:47","slug":"bizcocho-de-limon","status":"publish","type":"product","link":"https:\/\/www.lapernichecatering.com\/?product=bizcocho-de-limon","title":{"rendered":"Bizcocho de lim\u00f3n"},"content":{"rendered":"","protected":false},"excerpt":{"rendered":"<div id=\"dmFirstContainer\" class=\"dmBody u_dmStyle_template_desayunos\/nuestras-tartasc9f84392\">\n<div id=\"allWrapper\" class=\"allWrapper\">\n<div id=\"dm_content\" class=\"dmContent\" role=\"main\">\n<div id=\"1086818251\" class=\"dmDefaultRespTmpl\">\n<div id=\"1662889341\" class=\"innerPageTmplBox dmDefaultPage dmRespRowsWrapper dmRespRowsWrapperSize1\">\n<div id=\"1935799403\" class=\"dmRespRow u_1935799403\">\n<div id=\"1006666406\" class=\"dmRespColsWrapper\">\n<div id=\"1062497911\" class=\"dmRespCol small-12 medium-12 large-12\">\n<div id=\"1661522082\" class=\"u_1661522082 default dmDefaultGradient dmStore store-widget-initialized\" data-element-type=\"ec_store\" data-anim-desktop=\"none\" data-store=\"eyJpZCI6NzgxMDIwMDksImdyaWRWaWV3TWF4UHJvZHVjdHNQZXJSb3ciOjEsImdyaWRWaWV3TWF4UHJvZHVjdHNQZXJDb2x1bW4iOjgsInRhYmxlVmlld1NpemUiOjIwLCJsaXN0Vmlld1NpemUiOjEwLCJzZWFyY2hNb2RlVmlldyI6ImdyaWQiLCJjYXRlZ29yaWVzTW9kZVZpZXciOiJncmlkIiwic3RvcmVQYWdlQWxpYXMiOiJkZXNheXVub3MvbnVlc3RyYXMtdGFydGFzYzlmODQzOTIiLCJzaG93QnJlYWRjcnVtYnMiOnRydWUsImluaXRpYWxTdG9yZVNjcmVlbiI6IkNBVEVHT1JZQEAxMzc3ODI2NDIiLCJwcm9kdWN0TGlzdEltYWdlU2l6ZSI6Im1lZGl1bSIsInByb2R1Y3RMaXN0SW1hZ2VBc3BlY3RSYXRpbyI6InNxdWFyZV8xIiwicHJvZHVjdExpc3RDZWxsU3BhY2luZyI6IjUiLCJwcm9kdWN0TGlzdEltYWdlSGFzU2hhZG93IjoiZmFsc2UiLCJwcm9kdWN0TGlzdFNob3dBZGRpdGlvbmFsSW1hZ2VPbkhvdmVyIjoidHJ1ZSIsInByb2R1Y3RMaXN0U2hvd0ZyYW1lIjoidHJ1ZSIsInByb2R1Y3RMaXN0UHJvZHVjdEluZm9MYXlvdXQiOiJqdXN0aWZ5IiwicHJvZHVjdExpc3RUaXRsZUJlaGF2aW9yIjoic2hvdyIsInByb2R1Y3RMaXN0U2t1QmVoYXZpb3IiOiJoaWRlIiwicHJvZHVjdExpc3RQcmljZUJlaGF2aW9yIjoic2hvdyIsInByb2R1Y3RMaXN0QnV5YnV0dG9uQmVoYXZpb3IiOiJzaG93X29uX2hvdmVyIiwicHJvZHVjdExpc3RDYXRlZ29yeUltYWdlU2l6ZSI6ImxhcmdlIiwicHJvZHVjdExpc3RDYXRlZ29yeUltYWdlQXNwZWN0UmF0aW8iOiJzcXVhcmVfMSIsInByb2R1Y3RMaXN0Q2F0ZWdvcnlUaXRsZUJlaGF2aW9yIjoic2hvd19iZWxvd19pbWFnZSIsInByb2R1Y3RMaXN0Q2F0ZWdvcnlDZWxsU3BhY2luZyI6IjUiLCJlbmFibGVTaW1wbGVDYXRlZ29yeUxpc3QiOmZhbHNlLCJwcm9kdWN0TGlzdFNob3dTb3J0Vmlld2FzT3B0aW9ucyI6InRydWUiLCJwcm9kdWN0RGV0YWlsc1Nob3dRdHkiOiJmYWxzZSIsInByb2R1Y3REZXRhaWxzU2hvd0luU3RvY2tMYWJlbCI6ImZhbHNlIiwicHJvZHVjdERldGFpbHNTaG93TnVtYmVyT2ZJdGVtc0luU3RvY2siOiJmYWxzZSIsInByb2R1Y3REZXRhaWxzU2hvd0J1eUJ1dHRvbiI6InRydWUiLCJwcm9kdWN0RGV0YWlsc1Nob3dQcm9kdWN0UHJpY2UiOiJ0cnVlIiwicHJvZHVjdERldGFpbHNTaG93UHJvZHVjdFNrdSI6ImZhbHNlIiwicHJvZHVjdERldGFpbHNTaG93U2hhcmVCdXR0b25zIjoiZmFsc2UiLCJwcm9kdWN0RGV0YWlsc0xheW91dCI6IlRXT19DT0xVTU5TX1NJREVCQVJfT05fVEhFX1JJR0hUIiwicHJvZHVjdERldGFpbHNHYWxsZXJ5TGF5b3V0IjoiSU1BR0VfU0lOR0xFX1RIVU1CTkFJTFNfVkVSVElDQUwiLCJwcm9kdWN0RGV0YWlsc1RodW1ibmFpbHNBc3BlY3RSYXRpbyI6InNxdWFyZV8xIiwibW9iaWxlUHJvZHVjdExpc3RTa3VCZWhhdmlvciI6ImhpZGUiLCJtb2JpbGVQcm9kdWN0TGlzdEJ1eWJ1dHRvbkJlaGF2aW9yIjoiaGlkZSIsIm1vYmlsZVByb2R1Y3RMaXN0Q2F0ZWdvcnlUaXRsZUJlaGF2aW9yIjoic2hvd19iZWxvd19pbWFnZSIsIm1vYmlsZVByb2R1Y3RMaXN0Q2F0ZWdvcnlDZWxsU3BhY2luZyI6IjEwIiwic3RvcmVWZXJzaW9uIjoyLCJ1c2VTZXJ2ZXJTaWRlUmVuZGVyaW5nIjpmYWxzZSwiaXNSZWRpcmVjdFNlYXJjaFJlc3VsdHMiOnRydWV9\">\n<div id=\"my-store-78102009\" class=\"ecwid\" data-store-version=\"2\" data-cat-per-row=\"1\" data-search-view=\"grid\" data-category-view=\"grid\" data-id=\"78102009\" data-views=\"grid(8,1) list(10) table(20)\" data-initial-store-screen=\"CATEGORY@@137782642\" data-show-breadcrumbs=\"true\" data-product-list-image-size=\"medium\" data-product-list-image-aspect-ratio=\"square_1\" data-product-list-image-has-shadow=\"false\" data-product-list-show-additional-image-on-hover=\"true\" data-product-list-show-frame=\"true\" data-product-list-product-info-layout=\"justify\" data-product-list-title-behavior=\"show\" data-product-list-sku-behavior=\"hide\" data-product-list-price-behavior=\"show\" data-product-list-buybutton-behavior=\"show_on_hover\" data-product-list-cell-spacing=\"5\" data-product-list-category-image-size=\"large\" data-product-list-category-image-aspect-ratio=\"square_1\" data-product-list-category-title-behavior=\"show_below_image\" data-product-list-category-cell-spacing=\"5\" data-enable-simple-category-list=\"false\" data-breadcrumbs-separator=\"\" data-show-signin-link=\"\" data-show-footer-menu=\"\" data-product-list-show-sort-viewas-options=\"true\" data-product-details-show-qty=\"false\" data-product-details-show-in-stock-label=\"false\" data-product-details-show-product-name=\"\" data-product-details-show-number-of-items-in-stock=\"false\" data-product-details-show-save-for-later=\"\" data-product-details-show-buy-button=\"true\" data-product-details-show-product-price=\"true\" data-product-details-show-sale-price=\"\" data-product-details-show-price-per-unit=\"\" data-product-details-show-tax=\"\" data-product-details-show-product-options=\"\" data-product-details-show-product-sku=\"false\" data-product-details-show-wholesale-prices=\"\" data-product-details-show-share-buttons=\"false\" data-product-details-layout=\"TWO_COLUMNS_SIDEBAR_ON_THE_RIGHT\" data-product-details-gallery-layout=\"IMAGE_SINGLE_THUMBNAILS_VERTICAL\" data-product-details-thumbnails_aspect_ratio=\"square_1\" data-product-details-two-columns-with-left-sidebar-show_product-description-on-sidebar=\"data-product-details-two-columns-with-right-sidebar-show-product-description-on-sidebar=\" data-mobile-product-list-category-cell-spacing=\"10\" data-mobile-product-list-category-title-behavior=\"show_below_image\" data-mobile-product-list-cell-spacing=\"\" data-mobile-product-list-title-behavior=\"\" data-mobile-product-list-sku-behavior=\"hide\" data-mobile-product-list-price-behavior=\"\" data-mobile-product-list-buybutton-behavior=\"hide\" data-store-item-id=\"\" data-v-app=\"\">\n<div class=\"ec-storefront-v3 ecwid-no-touch ecwid-supports-cssanimations ec-size ec-size--xxs ec-size--xs ec-size--s ec-size--m ec-size--l ec-size--xl ecwid-responsive ecwid-no-dragndrop\" lang=\"es-ES\">\n<div class=\"ecwid-productBrowser ecwid-productBrowser-v3 ecwid-productBrowser-ProductPage ecwid-productBrowser-ProductPage-495734752\">\n<div class=\"ec-wrapper\">\n<div class=\"ec-store ec-store__product-page ec-store__product-page--495734752 ec-store__product-page--c0 ec-store__product-page--c176866943 ec-store__product-page--c139518311\">\n<div class=\"ec-store__content-wrapper\">\n<div class=\"product-details--top-title-navigation\">\n<div class=\"product-details product-details--layout-sidebar-right product-details--description-side product-details--top-title\">\n<div class=\"product-details__sidebar\">\n<div class=\"product-details-module product-details__general-info\">\n<div class=\"product-details-module__content\">\n<div id=\"productDescription\" class=\"product-details__product-description\">\n<p>750 gr de bizcocho. (17,30 Euros\/kilo)<\/p>\n<p>Al\u00e9rgenos: gluten, huevos, l\u00e1cteos.<\/p>\n<p>En nuestro obrador se trabajan con todos los al\u00e9rgenos, por lo que puede contener trazas de gluten, huevos, soja, l\u00e1cteos, frutos secos, mostaza, s\u00e9samo, apio, pescado, crust\u00e1ceos, moluscos, altramuces, cacahuetes y sulfitos.<\/p>\n<\/div>\n<\/div>\n<\/div>\n<\/div>\n<\/div>\n<\/div>\n<\/div>\n<\/div>\n<\/div>\n<\/div>\n<\/div>\n<\/div>\n<\/div>\n<\/div>\n<\/div>\n<\/div>\n<\/div>\n<\/div>\n<\/div>\n<\/div>\n<\/div>\n","protected":false},"featured_media":11052,"template":"","meta":[],"product_cat":[74,80],"product_tag":[],"class_list":{"0":"post-11051","1":"product","2":"type-product","3":"status-publish","4":"has-post-thumbnail","6":"product_cat-dulces","7":"product_cat-bizcochos-y-brownie","9":"first","10":"instock","11":"shipping-taxable","12":"purchasable","13":"product-type-simple"},"yoast_head":"<!-- This site is optimized with the Yoast SEO plugin v26.6 - https:\/\/yoast.com\/wordpress\/plugins\/seo\/ -->\n<title>Bizcocho de lim\u00f3n - La Perniche Catering<\/title>\n<meta name=\"robots\" content=\"index, follow, max-snippet:-1, max-image-preview:large, max-video-preview:-1\" \/>\n<link rel=\"canonical\" href=\"https:\/\/www.lapernichecatering.com\/?product=bizcocho-de-limon\" \/>\n<meta property=\"og:locale\" content=\"es_ES\" \/>\n<meta property=\"og:type\" content=\"article\" \/>\n<meta property=\"og:title\" content=\"Bizcocho de lim\u00f3n - La Perniche Catering\" \/>\n<meta property=\"og:description\" content=\"750 gr de bizcocho. (17,30 Euros\/kilo)  Al\u00e9rgenos: gluten, huevos, l\u00e1cteos.  En nuestro obrador se trabajan con todos los al\u00e9rgenos, por lo que puede contener trazas de gluten, huevos, soja, l\u00e1cteos, frutos secos, mostaza, s\u00e9samo, apio, pescado, crust\u00e1ceos, moluscos, altramuces, cacahuetes y sulfitos.\" \/>\n<meta property=\"og:url\" content=\"https:\/\/www.lapernichecatering.com\/?product=bizcocho-de-limon\" \/>\n<meta property=\"og:site_name\" content=\"La Perniche Catering\" \/>\n<meta property=\"article:modified_time\" content=\"2026-01-30T09:17:47+00:00\" \/>\n<meta property=\"og:image\" content=\"https:\/\/www.lapernichecatering.com\/wp-content\/uploads\/2025\/12\/3876831147.jpg\" \/>\n\t<meta property=\"og:image:width\" content=\"1125\" \/>\n\t<meta property=\"og:image:height\" content=\"1125\" \/>\n\t<meta property=\"og:image:type\" content=\"image\/jpeg\" \/>\n<meta name=\"twitter:card\" content=\"summary_large_image\" \/>\n<meta name=\"twitter:label1\" content=\"Est. reading time\" \/>\n\t<meta name=\"twitter:data1\" content=\"1 minuto\" \/>\n<script type=\"application\/ld+json\" class=\"yoast-schema-graph\">{\"@context\":\"https:\/\/schema.org\",\"@graph\":[{\"@type\":\"WebPage\",\"@id\":\"https:\/\/www.lapernichecatering.com\/?product=bizcocho-de-limon\",\"url\":\"https:\/\/www.lapernichecatering.com\/?product=bizcocho-de-limon\",\"name\":\"Bizcocho de lim\u00f3n - La Perniche Catering\",\"isPartOf\":{\"@id\":\"https:\/\/www.lapernichecatering.com\/#website\"},\"primaryImageOfPage\":{\"@id\":\"https:\/\/www.lapernichecatering.com\/?product=bizcocho-de-limon#primaryimage\"},\"image\":{\"@id\":\"https:\/\/www.lapernichecatering.com\/?product=bizcocho-de-limon#primaryimage\"},\"thumbnailUrl\":\"https:\/\/www.lapernichecatering.com\/wp-content\/uploads\/2025\/12\/3876831147.jpg\",\"datePublished\":\"2025-12-08T17:28:47+00:00\",\"dateModified\":\"2026-01-30T09:17:47+00:00\",\"breadcrumb\":{\"@id\":\"https:\/\/www.lapernichecatering.com\/?product=bizcocho-de-limon#breadcrumb\"},\"inLanguage\":\"es\",\"potentialAction\":[{\"@type\":\"ReadAction\",\"target\":[\"https:\/\/www.lapernichecatering.com\/?product=bizcocho-de-limon\"]}]},{\"@type\":\"ImageObject\",\"inLanguage\":\"es\",\"@id\":\"https:\/\/www.lapernichecatering.com\/?product=bizcocho-de-limon#primaryimage\",\"url\":\"https:\/\/www.lapernichecatering.com\/wp-content\/uploads\/2025\/12\/3876831147.jpg\",\"contentUrl\":\"https:\/\/www.lapernichecatering.com\/wp-content\/uploads\/2025\/12\/3876831147.jpg\",\"width\":1125,\"height\":1125},{\"@type\":\"BreadcrumbList\",\"@id\":\"https:\/\/www.lapernichecatering.com\/?product=bizcocho-de-limon#breadcrumb\",\"itemListElement\":[{\"@type\":\"ListItem\",\"position\":1,\"name\":\"Home\",\"item\":\"https:\/\/www.lapernichecatering.com\/\"},{\"@type\":\"ListItem\",\"position\":2,\"name\":\"Tienda\",\"item\":\"https:\/\/www.lapernichecatering.com\/?page_id=7\"},{\"@type\":\"ListItem\",\"position\":3,\"name\":\"Bizcocho de lim\u00f3n\"}]},{\"@type\":\"WebSite\",\"@id\":\"https:\/\/www.lapernichecatering.com\/#website\",\"url\":\"https:\/\/www.lapernichecatering.com\/\",\"name\":\"La Perniche Catering\",\"description\":\"\",\"publisher\":{\"@id\":\"https:\/\/www.lapernichecatering.com\/#organization\"},\"potentialAction\":[{\"@type\":\"SearchAction\",\"target\":{\"@type\":\"EntryPoint\",\"urlTemplate\":\"https:\/\/www.lapernichecatering.com\/?s={search_term_string}\"},\"query-input\":{\"@type\":\"PropertyValueSpecification\",\"valueRequired\":true,\"valueName\":\"search_term_string\"}}],\"inLanguage\":\"es\"},{\"@type\":\"Organization\",\"@id\":\"https:\/\/www.lapernichecatering.com\/#organization\",\"name\":\"La Perniche Catering\",\"url\":\"https:\/\/www.lapernichecatering.com\/\",\"logo\":{\"@type\":\"ImageObject\",\"inLanguage\":\"es\",\"@id\":\"https:\/\/www.lapernichecatering.com\/#\/schema\/logo\/image\/\",\"url\":\"https:\/\/www.lapernichecatering.com\/wp-content\/uploads\/2025\/11\/cropped-Logo_web_250-1.png\",\"contentUrl\":\"https:\/\/www.lapernichecatering.com\/wp-content\/uploads\/2025\/11\/cropped-Logo_web_250-1.png\",\"width\":302,\"height\":250,\"caption\":\"La Perniche Catering\"},\"image\":{\"@id\":\"https:\/\/www.lapernichecatering.com\/#\/schema\/logo\/image\/\"}}]}<\/script>\n<!-- \/ Yoast SEO plugin. -->","yoast_head_json":{"title":"Bizcocho de lim\u00f3n - La Perniche Catering","robots":{"index":"index","follow":"follow","max-snippet":"max-snippet:-1","max-image-preview":"max-image-preview:large","max-video-preview":"max-video-preview:-1"},"canonical":"https:\/\/www.lapernichecatering.com\/?product=bizcocho-de-limon","og_locale":"es_ES","og_type":"article","og_title":"Bizcocho de lim\u00f3n - La Perniche Catering","og_description":"750 gr de bizcocho. (17,30 Euros\/kilo)  Al\u00e9rgenos: gluten, huevos, l\u00e1cteos.  En nuestro obrador se trabajan con todos los al\u00e9rgenos, por lo que puede contener trazas de gluten, huevos, soja, l\u00e1cteos, frutos secos, mostaza, s\u00e9samo, apio, pescado, crust\u00e1ceos, moluscos, altramuces, cacahuetes y sulfitos.","og_url":"https:\/\/www.lapernichecatering.com\/?product=bizcocho-de-limon","og_site_name":"La Perniche Catering","article_modified_time":"2026-01-30T09:17:47+00:00","og_image":[{"width":1125,"height":1125,"url":"https:\/\/www.lapernichecatering.com\/wp-content\/uploads\/2025\/12\/3876831147.jpg","type":"image\/jpeg"}],"twitter_card":"summary_large_image","twitter_misc":{"Est. reading time":"1 minuto"},"schema":{"@context":"https:\/\/schema.org","@graph":[{"@type":"WebPage","@id":"https:\/\/www.lapernichecatering.com\/?product=bizcocho-de-limon","url":"https:\/\/www.lapernichecatering.com\/?product=bizcocho-de-limon","name":"Bizcocho de lim\u00f3n - La Perniche Catering","isPartOf":{"@id":"https:\/\/www.lapernichecatering.com\/#website"},"primaryImageOfPage":{"@id":"https:\/\/www.lapernichecatering.com\/?product=bizcocho-de-limon#primaryimage"},"image":{"@id":"https:\/\/www.lapernichecatering.com\/?product=bizcocho-de-limon#primaryimage"},"thumbnailUrl":"https:\/\/www.lapernichecatering.com\/wp-content\/uploads\/2025\/12\/3876831147.jpg","datePublished":"2025-12-08T17:28:47+00:00","dateModified":"2026-01-30T09:17:47+00:00","breadcrumb":{"@id":"https:\/\/www.lapernichecatering.com\/?product=bizcocho-de-limon#breadcrumb"},"inLanguage":"es","potentialAction":[{"@type":"ReadAction","target":["https:\/\/www.lapernichecatering.com\/?product=bizcocho-de-limon"]}]},{"@type":"ImageObject","inLanguage":"es","@id":"https:\/\/www.lapernichecatering.com\/?product=bizcocho-de-limon#primaryimage","url":"https:\/\/www.lapernichecatering.com\/wp-content\/uploads\/2025\/12\/3876831147.jpg","contentUrl":"https:\/\/www.lapernichecatering.com\/wp-content\/uploads\/2025\/12\/3876831147.jpg","width":1125,"height":1125},{"@type":"BreadcrumbList","@id":"https:\/\/www.lapernichecatering.com\/?product=bizcocho-de-limon#breadcrumb","itemListElement":[{"@type":"ListItem","position":1,"name":"Home","item":"https:\/\/www.lapernichecatering.com\/"},{"@type":"ListItem","position":2,"name":"Tienda","item":"https:\/\/www.lapernichecatering.com\/?page_id=7"},{"@type":"ListItem","position":3,"name":"Bizcocho de lim\u00f3n"}]},{"@type":"WebSite","@id":"https:\/\/www.lapernichecatering.com\/#website","url":"https:\/\/www.lapernichecatering.com\/","name":"La Perniche Catering","description":"","publisher":{"@id":"https:\/\/www.lapernichecatering.com\/#organization"},"potentialAction":[{"@type":"SearchAction","target":{"@type":"EntryPoint","urlTemplate":"https:\/\/www.lapernichecatering.com\/?s={search_term_string}"},"query-input":{"@type":"PropertyValueSpecification","valueRequired":true,"valueName":"search_term_string"}}],"inLanguage":"es"},{"@type":"Organization","@id":"https:\/\/www.lapernichecatering.com\/#organization","name":"La Perniche Catering","url":"https:\/\/www.lapernichecatering.com\/","logo":{"@type":"ImageObject","inLanguage":"es","@id":"https:\/\/www.lapernichecatering.com\/#\/schema\/logo\/image\/","url":"https:\/\/www.lapernichecatering.com\/wp-content\/uploads\/2025\/11\/cropped-Logo_web_250-1.png","contentUrl":"https:\/\/www.lapernichecatering.com\/wp-content\/uploads\/2025\/11\/cropped-Logo_web_250-1.png","width":302,"height":250,"caption":"La Perniche Catering"},"image":{"@id":"https:\/\/www.lapernichecatering.com\/#\/schema\/logo\/image\/"}}]}},"_links":{"self":[{"href":"https:\/\/www.lapernichecatering.com\/index.php?rest_route=\/wp\/v2\/product\/11051","targetHints":{"allow":["GET"]}}],"collection":[{"href":"https:\/\/www.lapernichecatering.com\/index.php?rest_route=\/wp\/v2\/product"}],"about":[{"href":"https:\/\/www.lapernichecatering.com\/index.php?rest_route=\/wp\/v2\/types\/product"}],"wp:featuredmedia":[{"embeddable":true,"href":"https:\/\/www.lapernichecatering.com\/index.php?rest_route=\/wp\/v2\/media\/11052"}],"wp:attachment":[{"href":"https:\/\/www.lapernichecatering.com\/index.php?rest_route=%2Fwp%2Fv2%2Fmedia&parent=11051"}],"wp:term":[{"taxonomy":"product_cat","embeddable":true,"href":"https:\/\/www.lapernichecatering.com\/index.php?rest_route=%2Fwp%2Fv2%2Fproduct_cat&post=11051"},{"taxonomy":"product_tag","embeddable":true,"href":"https:\/\/www.lapernichecatering.com\/index.php?rest_route=%2Fwp%2Fv2%2Fproduct_tag&post=11051"}],"curies":[{"name":"wp","href":"https:\/\/api.w.org\/{rel}","templated":true}]}}