{"id":11560,"date":"2026-01-27T12:09:48","date_gmt":"2026-01-27T11:09:48","guid":{"rendered":"https:\/\/www.lapernichecatering.com\/?post_type=product&#038;p=11560"},"modified":"2026-02-24T22:15:17","modified_gmt":"2026-02-24T21:15:17","slug":"lasana-de-ragu-de-jabali-bandeja-de-1-400-kg-aprox","status":"publish","type":"product","link":"https:\/\/www.lapernichecatering.com\/?product=lasana-de-ragu-de-jabali-bandeja-de-1-400-kg-aprox","title":{"rendered":"Lasa\u00f1a de rag\u00fa de jabal\u00ed (Bandeja de 1.400 kg aprox)"},"content":{"rendered":"<p><strong>Lasa\u00f1a de rag\u00fa de jabal\u00ed (Bandeja de 1.400 kg aprox)<\/strong><\/p>\n<p data-start=\"226\" data-end=\"439\">Nuestra lasa\u00f1a de rag\u00fa de jabal\u00ed se elabora artesanalmente en nuestro obrador, combinando capas de pasta, rag\u00fa de jabal\u00ed cocinado a fuego lento y una salsa melosa y sabrosa que realza todo el car\u00e1cter de la carne.<\/p>\n<p data-start=\"441\" data-end=\"651\">Es un plato reconfortante, intenso y equilibrado, pensado para disfrutar sin prisas. Se entrega <strong data-start=\"537\" data-end=\"568\">lista para terminar en casa<\/strong>, ideal para hornear y servir en el momento, manteniendo toda su jugosidad y sabor.<\/p>\n<p data-start=\"653\" data-end=\"768\">Perfecta para una comida especial, para compartir o para sorprender con un plato elaborado y lleno de personalidad.<\/p>\n<p data-start=\"770\" data-end=\"873\">Bandeja de <strong data-start=\"784\" data-end=\"801\">1,4 kg aprox y tama\u00f1o\u00a0 de 22cm*14 cm. &#8211; Recomendado para 3 comensales.\u00a0<\/strong><\/p>\n<p data-start=\"770\" data-end=\"873\">Elaborada en nuestro obrador<\/p>\n<p data-start=\"770\" data-end=\"873\">\u00a0Lista para terminar en casa<\/p>\n<p data-start=\"875\" data-end=\"996\">\ud83d\udd38 <strong data-start=\"878\" data-end=\"963\">Posibilidad de solicitar mayor cantidad o formato personalizado escribi\u00e9ndonos a:<\/strong><br data-start=\"963\" data-end=\"966\" \/><strong data-start=\"966\" data-end=\"996\"><a class=\"decorated-link cursor-pointer\" rel=\"noopener\" data-start=\"968\" data-end=\"994\">informacion@laperniche.com<\/a><\/strong><\/p>\n<p>Al\u00e9rgenos: gluten, huevo,\u00a0 l\u00e1cteos, sulfitos, apio y frutos de c\u00e1scara.<\/p>\n<p>En nuestro obrador se trabajan con todos los al\u00e9rgenos, por lo que puede contener trazas de gluten, huevos, soja, l\u00e1cteos, frutos secos, mostaza, s\u00e9samo, apio, pescado, crust\u00e1ceos, moluscos, altramuces, cacahuetes y sulfitos.<\/p>\n","protected":false},"excerpt":{"rendered":"<p>Lasa\u00f1a de rag\u00fa de jabal\u00ed (Bandeja de 1.400 kg aprox) Nuestra lasa\u00f1a de rag\u00fa de jabal\u00ed se elabora artesanalmente en nuestro obrador, combinando capas de pasta, rag\u00fa de jabal\u00ed cocinado a fuego lento y una salsa melosa y sabrosa que realza todo el car\u00e1cter de la carne. Es un plato reconfortante, intenso y equilibrado, pensado [&hellip;]<\/p>\n","protected":false},"featured_media":11553,"template":"","meta":[],"product_cat":[78],"product_tag":[],"class_list":{"0":"post-11560","1":"product","2":"type-product","3":"status-publish","4":"has-post-thumbnail","6":"product_cat-principales","8":"first","9":"instock","10":"shipping-taxable","11":"product-type-simple"},"yoast_head":"<!-- This site is optimized with the Yoast SEO plugin v26.6 - https:\/\/yoast.com\/wordpress\/plugins\/seo\/ -->\n<title>Lasa\u00f1a de rag\u00fa de jabal\u00ed (Bandeja de 1.400 kg aprox) - La Perniche Catering<\/title>\n<meta name=\"robots\" content=\"index, follow, max-snippet:-1, max-image-preview:large, max-video-preview:-1\" \/>\n<link rel=\"canonical\" href=\"https:\/\/www.lapernichecatering.com\/?product=lasana-de-ragu-de-jabali-bandeja-de-1-400-kg-aprox\" \/>\n<meta property=\"og:locale\" content=\"es_ES\" \/>\n<meta property=\"og:type\" content=\"article\" \/>\n<meta property=\"og:title\" content=\"Lasa\u00f1a de rag\u00fa de jabal\u00ed (Bandeja de 1.400 kg aprox) - La Perniche Catering\" \/>\n<meta property=\"og:description\" content=\"Lasa\u00f1a de rag\u00fa de jabal\u00ed (Bandeja de 1.400 kg aprox) Nuestra lasa\u00f1a de rag\u00fa de jabal\u00ed se elabora artesanalmente en nuestro obrador, combinando capas de pasta, rag\u00fa de jabal\u00ed cocinado a fuego lento y una salsa melosa y sabrosa que realza todo el car\u00e1cter de la carne. Es un plato reconfortante, intenso y equilibrado, pensado [&hellip;]\" \/>\n<meta property=\"og:url\" content=\"https:\/\/www.lapernichecatering.com\/?product=lasana-de-ragu-de-jabali-bandeja-de-1-400-kg-aprox\" \/>\n<meta property=\"og:site_name\" content=\"La Perniche Catering\" \/>\n<meta property=\"article:modified_time\" content=\"2026-02-24T21:15:17+00:00\" \/>\n<meta property=\"og:image\" content=\"https:\/\/www.lapernichecatering.com\/wp-content\/uploads\/2026\/01\/IMG_7374-1-scaled-e1771967706207.jpg\" \/>\n\t<meta property=\"og:image:width\" content=\"1920\" \/>\n\t<meta property=\"og:image:height\" content=\"1920\" \/>\n\t<meta property=\"og:image:type\" content=\"image\/jpeg\" \/>\n<meta name=\"twitter:card\" content=\"summary_large_image\" \/>\n<meta name=\"twitter:label1\" content=\"Est. reading time\" \/>\n\t<meta name=\"twitter:data1\" content=\"2 minutos\" \/>\n<script type=\"application\/ld+json\" class=\"yoast-schema-graph\">{\"@context\":\"https:\/\/schema.org\",\"@graph\":[{\"@type\":\"WebPage\",\"@id\":\"https:\/\/www.lapernichecatering.com\/?product=lasana-de-ragu-de-jabali-bandeja-de-1-400-kg-aprox\",\"url\":\"https:\/\/www.lapernichecatering.com\/?product=lasana-de-ragu-de-jabali-bandeja-de-1-400-kg-aprox\",\"name\":\"Lasa\u00f1a de rag\u00fa de jabal\u00ed (Bandeja de 1.400 kg aprox) - La Perniche Catering\",\"isPartOf\":{\"@id\":\"https:\/\/www.lapernichecatering.com\/#website\"},\"primaryImageOfPage\":{\"@id\":\"https:\/\/www.lapernichecatering.com\/?product=lasana-de-ragu-de-jabali-bandeja-de-1-400-kg-aprox#primaryimage\"},\"image\":{\"@id\":\"https:\/\/www.lapernichecatering.com\/?product=lasana-de-ragu-de-jabali-bandeja-de-1-400-kg-aprox#primaryimage\"},\"thumbnailUrl\":\"https:\/\/www.lapernichecatering.com\/wp-content\/uploads\/2026\/01\/IMG_7374-1-scaled-e1771967706207.jpg\",\"datePublished\":\"2026-01-27T11:09:48+00:00\",\"dateModified\":\"2026-02-24T21:15:17+00:00\",\"breadcrumb\":{\"@id\":\"https:\/\/www.lapernichecatering.com\/?product=lasana-de-ragu-de-jabali-bandeja-de-1-400-kg-aprox#breadcrumb\"},\"inLanguage\":\"es\",\"potentialAction\":[{\"@type\":\"ReadAction\",\"target\":[\"https:\/\/www.lapernichecatering.com\/?product=lasana-de-ragu-de-jabali-bandeja-de-1-400-kg-aprox\"]}]},{\"@type\":\"ImageObject\",\"inLanguage\":\"es\",\"@id\":\"https:\/\/www.lapernichecatering.com\/?product=lasana-de-ragu-de-jabali-bandeja-de-1-400-kg-aprox#primaryimage\",\"url\":\"https:\/\/www.lapernichecatering.com\/wp-content\/uploads\/2026\/01\/IMG_7374-1-scaled-e1771967706207.jpg\",\"contentUrl\":\"https:\/\/www.lapernichecatering.com\/wp-content\/uploads\/2026\/01\/IMG_7374-1-scaled-e1771967706207.jpg\",\"width\":1920,\"height\":1920},{\"@type\":\"BreadcrumbList\",\"@id\":\"https:\/\/www.lapernichecatering.com\/?product=lasana-de-ragu-de-jabali-bandeja-de-1-400-kg-aprox#breadcrumb\",\"itemListElement\":[{\"@type\":\"ListItem\",\"position\":1,\"name\":\"Home\",\"item\":\"https:\/\/www.lapernichecatering.com\/\"},{\"@type\":\"ListItem\",\"position\":2,\"name\":\"Tienda\",\"item\":\"https:\/\/www.lapernichecatering.com\/?page_id=7\"},{\"@type\":\"ListItem\",\"position\":3,\"name\":\"Lasa\u00f1a de rag\u00fa de jabal\u00ed (Bandeja de 1.400 kg aprox)\"}]},{\"@type\":\"WebSite\",\"@id\":\"https:\/\/www.lapernichecatering.com\/#website\",\"url\":\"https:\/\/www.lapernichecatering.com\/\",\"name\":\"La Perniche Catering\",\"description\":\"\",\"publisher\":{\"@id\":\"https:\/\/www.lapernichecatering.com\/#organization\"},\"potentialAction\":[{\"@type\":\"SearchAction\",\"target\":{\"@type\":\"EntryPoint\",\"urlTemplate\":\"https:\/\/www.lapernichecatering.com\/?s={search_term_string}\"},\"query-input\":{\"@type\":\"PropertyValueSpecification\",\"valueRequired\":true,\"valueName\":\"search_term_string\"}}],\"inLanguage\":\"es\"},{\"@type\":\"Organization\",\"@id\":\"https:\/\/www.lapernichecatering.com\/#organization\",\"name\":\"La Perniche Catering\",\"url\":\"https:\/\/www.lapernichecatering.com\/\",\"logo\":{\"@type\":\"ImageObject\",\"inLanguage\":\"es\",\"@id\":\"https:\/\/www.lapernichecatering.com\/#\/schema\/logo\/image\/\",\"url\":\"https:\/\/www.lapernichecatering.com\/wp-content\/uploads\/2025\/11\/cropped-Logo_web_250-1.png\",\"contentUrl\":\"https:\/\/www.lapernichecatering.com\/wp-content\/uploads\/2025\/11\/cropped-Logo_web_250-1.png\",\"width\":302,\"height\":250,\"caption\":\"La Perniche Catering\"},\"image\":{\"@id\":\"https:\/\/www.lapernichecatering.com\/#\/schema\/logo\/image\/\"}}]}<\/script>\n<!-- \/ Yoast SEO plugin. -->","yoast_head_json":{"title":"Lasa\u00f1a de rag\u00fa de jabal\u00ed (Bandeja de 1.400 kg aprox) - La Perniche Catering","robots":{"index":"index","follow":"follow","max-snippet":"max-snippet:-1","max-image-preview":"max-image-preview:large","max-video-preview":"max-video-preview:-1"},"canonical":"https:\/\/www.lapernichecatering.com\/?product=lasana-de-ragu-de-jabali-bandeja-de-1-400-kg-aprox","og_locale":"es_ES","og_type":"article","og_title":"Lasa\u00f1a de rag\u00fa de jabal\u00ed (Bandeja de 1.400 kg aprox) - La Perniche Catering","og_description":"Lasa\u00f1a de rag\u00fa de jabal\u00ed (Bandeja de 1.400 kg aprox) Nuestra lasa\u00f1a de rag\u00fa de jabal\u00ed se elabora artesanalmente en nuestro obrador, combinando capas de pasta, rag\u00fa de jabal\u00ed cocinado a fuego lento y una salsa melosa y sabrosa que realza todo el car\u00e1cter de la carne. Es un plato reconfortante, intenso y equilibrado, pensado [&hellip;]","og_url":"https:\/\/www.lapernichecatering.com\/?product=lasana-de-ragu-de-jabali-bandeja-de-1-400-kg-aprox","og_site_name":"La Perniche Catering","article_modified_time":"2026-02-24T21:15:17+00:00","og_image":[{"width":1920,"height":1920,"url":"https:\/\/www.lapernichecatering.com\/wp-content\/uploads\/2026\/01\/IMG_7374-1-scaled-e1771967706207.jpg","type":"image\/jpeg"}],"twitter_card":"summary_large_image","twitter_misc":{"Est. reading time":"2 minutos"},"schema":{"@context":"https:\/\/schema.org","@graph":[{"@type":"WebPage","@id":"https:\/\/www.lapernichecatering.com\/?product=lasana-de-ragu-de-jabali-bandeja-de-1-400-kg-aprox","url":"https:\/\/www.lapernichecatering.com\/?product=lasana-de-ragu-de-jabali-bandeja-de-1-400-kg-aprox","name":"Lasa\u00f1a de rag\u00fa de jabal\u00ed (Bandeja de 1.400 kg aprox) - La Perniche Catering","isPartOf":{"@id":"https:\/\/www.lapernichecatering.com\/#website"},"primaryImageOfPage":{"@id":"https:\/\/www.lapernichecatering.com\/?product=lasana-de-ragu-de-jabali-bandeja-de-1-400-kg-aprox#primaryimage"},"image":{"@id":"https:\/\/www.lapernichecatering.com\/?product=lasana-de-ragu-de-jabali-bandeja-de-1-400-kg-aprox#primaryimage"},"thumbnailUrl":"https:\/\/www.lapernichecatering.com\/wp-content\/uploads\/2026\/01\/IMG_7374-1-scaled-e1771967706207.jpg","datePublished":"2026-01-27T11:09:48+00:00","dateModified":"2026-02-24T21:15:17+00:00","breadcrumb":{"@id":"https:\/\/www.lapernichecatering.com\/?product=lasana-de-ragu-de-jabali-bandeja-de-1-400-kg-aprox#breadcrumb"},"inLanguage":"es","potentialAction":[{"@type":"ReadAction","target":["https:\/\/www.lapernichecatering.com\/?product=lasana-de-ragu-de-jabali-bandeja-de-1-400-kg-aprox"]}]},{"@type":"ImageObject","inLanguage":"es","@id":"https:\/\/www.lapernichecatering.com\/?product=lasana-de-ragu-de-jabali-bandeja-de-1-400-kg-aprox#primaryimage","url":"https:\/\/www.lapernichecatering.com\/wp-content\/uploads\/2026\/01\/IMG_7374-1-scaled-e1771967706207.jpg","contentUrl":"https:\/\/www.lapernichecatering.com\/wp-content\/uploads\/2026\/01\/IMG_7374-1-scaled-e1771967706207.jpg","width":1920,"height":1920},{"@type":"BreadcrumbList","@id":"https:\/\/www.lapernichecatering.com\/?product=lasana-de-ragu-de-jabali-bandeja-de-1-400-kg-aprox#breadcrumb","itemListElement":[{"@type":"ListItem","position":1,"name":"Home","item":"https:\/\/www.lapernichecatering.com\/"},{"@type":"ListItem","position":2,"name":"Tienda","item":"https:\/\/www.lapernichecatering.com\/?page_id=7"},{"@type":"ListItem","position":3,"name":"Lasa\u00f1a de rag\u00fa de jabal\u00ed (Bandeja de 1.400 kg aprox)"}]},{"@type":"WebSite","@id":"https:\/\/www.lapernichecatering.com\/#website","url":"https:\/\/www.lapernichecatering.com\/","name":"La Perniche Catering","description":"","publisher":{"@id":"https:\/\/www.lapernichecatering.com\/#organization"},"potentialAction":[{"@type":"SearchAction","target":{"@type":"EntryPoint","urlTemplate":"https:\/\/www.lapernichecatering.com\/?s={search_term_string}"},"query-input":{"@type":"PropertyValueSpecification","valueRequired":true,"valueName":"search_term_string"}}],"inLanguage":"es"},{"@type":"Organization","@id":"https:\/\/www.lapernichecatering.com\/#organization","name":"La Perniche Catering","url":"https:\/\/www.lapernichecatering.com\/","logo":{"@type":"ImageObject","inLanguage":"es","@id":"https:\/\/www.lapernichecatering.com\/#\/schema\/logo\/image\/","url":"https:\/\/www.lapernichecatering.com\/wp-content\/uploads\/2025\/11\/cropped-Logo_web_250-1.png","contentUrl":"https:\/\/www.lapernichecatering.com\/wp-content\/uploads\/2025\/11\/cropped-Logo_web_250-1.png","width":302,"height":250,"caption":"La Perniche Catering"},"image":{"@id":"https:\/\/www.lapernichecatering.com\/#\/schema\/logo\/image\/"}}]}},"_links":{"self":[{"href":"https:\/\/www.lapernichecatering.com\/index.php?rest_route=\/wp\/v2\/product\/11560","targetHints":{"allow":["GET"]}}],"collection":[{"href":"https:\/\/www.lapernichecatering.com\/index.php?rest_route=\/wp\/v2\/product"}],"about":[{"href":"https:\/\/www.lapernichecatering.com\/index.php?rest_route=\/wp\/v2\/types\/product"}],"wp:featuredmedia":[{"embeddable":true,"href":"https:\/\/www.lapernichecatering.com\/index.php?rest_route=\/wp\/v2\/media\/11553"}],"wp:attachment":[{"href":"https:\/\/www.lapernichecatering.com\/index.php?rest_route=%2Fwp%2Fv2%2Fmedia&parent=11560"}],"wp:term":[{"taxonomy":"product_cat","embeddable":true,"href":"https:\/\/www.lapernichecatering.com\/index.php?rest_route=%2Fwp%2Fv2%2Fproduct_cat&post=11560"},{"taxonomy":"product_tag","embeddable":true,"href":"https:\/\/www.lapernichecatering.com\/index.php?rest_route=%2Fwp%2Fv2%2Fproduct_tag&post=11560"}],"curies":[{"name":"wp","href":"https:\/\/api.w.org\/{rel}","templated":true}]}}