{"id":11873,"date":"2026-02-18T17:57:37","date_gmt":"2026-02-18T16:57:37","guid":{"rendered":"https:\/\/www.lapernichecatering.com\/?post_type=product&#038;p=11873"},"modified":"2026-02-18T17:57:42","modified_gmt":"2026-02-18T16:57:42","slug":"mini-focaccias-de-calabacin-y-queso-ricotta","status":"publish","type":"product","link":"https:\/\/www.lapernichecatering.com\/?product=mini-focaccias-de-calabacin-y-queso-ricotta","title":{"rendered":"Mini focaccias de calabac\u00edn y queso ricotta.\u00a0"},"content":{"rendered":"<p><strong>Mini focaccias artesanas de calabac\u00edn y queso ricotta.\u00a0<\/strong><\/p>\n<p>Mini focaccias artesanas rellenas de queso ricotta y calabac\u00edn a la plancha, que consigue ese punto irresistible entre lo gourmet y lo casero. Un bocado peque\u00f1o, lleno de sabor, que engancha desde el primer mordisco.<\/p>\n<p>Al\u00e9rgenos: l\u00e1cteos, sulfitos, gluten y huevos.<\/p>\n<p>En nuestro obrador se trabajan con todos los al\u00e9rgenos, por lo que puede contener trazas de gluten, huevos, soja, l\u00e1cteos, frutos secos, mostaza, s\u00e9samo, apio, pescado, crust\u00e1ceos, moluscos, altramuces, cacahuetes y sulfitos.<\/p>\n","protected":false},"excerpt":{"rendered":"<p>20 unidades.<\/p>\n","protected":false},"featured_media":11882,"template":"","meta":[],"product_cat":[100,73,99],"product_tag":[],"class_list":{"0":"post-11873","1":"product","2":"type-product","3":"status-publish","4":"has-post-thumbnail","6":"product_cat-mini-focaccias","7":"product_cat-salados","8":"product_cat-bandejas-de-picote-entre-panes","10":"first","11":"instock","12":"shipping-taxable","13":"purchasable","14":"product-type-simple"},"yoast_head":"<!-- This site is optimized with the Yoast SEO plugin v26.6 - https:\/\/yoast.com\/wordpress\/plugins\/seo\/ -->\n<title>Mini focaccias de calabac\u00edn y queso ricotta.\u00a0 - La Perniche Catering<\/title>\n<meta name=\"robots\" content=\"index, follow, max-snippet:-1, max-image-preview:large, max-video-preview:-1\" \/>\n<link rel=\"canonical\" href=\"https:\/\/www.lapernichecatering.com\/?product=mini-focaccias-de-calabacin-y-queso-ricotta\" \/>\n<meta property=\"og:locale\" content=\"es_ES\" \/>\n<meta property=\"og:type\" content=\"article\" \/>\n<meta property=\"og:title\" content=\"Mini focaccias de calabac\u00edn y queso ricotta.\u00a0 - La Perniche Catering\" \/>\n<meta property=\"og:description\" content=\"20 unidades.\" \/>\n<meta property=\"og:url\" content=\"https:\/\/www.lapernichecatering.com\/?product=mini-focaccias-de-calabacin-y-queso-ricotta\" \/>\n<meta property=\"og:site_name\" content=\"La Perniche Catering\" \/>\n<meta property=\"article:modified_time\" content=\"2026-02-18T16:57:42+00:00\" \/>\n<meta property=\"og:image\" content=\"https:\/\/www.lapernichecatering.com\/wp-content\/uploads\/2026\/02\/IMG_7485-scaled-e1771433823570.jpg\" \/>\n\t<meta property=\"og:image:width\" content=\"1920\" \/>\n\t<meta property=\"og:image:height\" content=\"1920\" \/>\n\t<meta property=\"og:image:type\" content=\"image\/jpeg\" \/>\n<meta name=\"twitter:card\" content=\"summary_large_image\" \/>\n<meta name=\"twitter:label1\" content=\"Est. reading time\" \/>\n\t<meta name=\"twitter:data1\" content=\"1 minuto\" \/>\n<script type=\"application\/ld+json\" class=\"yoast-schema-graph\">{\"@context\":\"https:\/\/schema.org\",\"@graph\":[{\"@type\":\"WebPage\",\"@id\":\"https:\/\/www.lapernichecatering.com\/?product=mini-focaccias-de-calabacin-y-queso-ricotta\",\"url\":\"https:\/\/www.lapernichecatering.com\/?product=mini-focaccias-de-calabacin-y-queso-ricotta\",\"name\":\"Mini focaccias de calabac\u00edn y queso ricotta.\u00a0 - La Perniche Catering\",\"isPartOf\":{\"@id\":\"https:\/\/www.lapernichecatering.com\/#website\"},\"primaryImageOfPage\":{\"@id\":\"https:\/\/www.lapernichecatering.com\/?product=mini-focaccias-de-calabacin-y-queso-ricotta#primaryimage\"},\"image\":{\"@id\":\"https:\/\/www.lapernichecatering.com\/?product=mini-focaccias-de-calabacin-y-queso-ricotta#primaryimage\"},\"thumbnailUrl\":\"https:\/\/www.lapernichecatering.com\/wp-content\/uploads\/2026\/02\/IMG_7485-scaled-e1771433823570.jpg\",\"datePublished\":\"2026-02-18T16:57:37+00:00\",\"dateModified\":\"2026-02-18T16:57:42+00:00\",\"breadcrumb\":{\"@id\":\"https:\/\/www.lapernichecatering.com\/?product=mini-focaccias-de-calabacin-y-queso-ricotta#breadcrumb\"},\"inLanguage\":\"es\",\"potentialAction\":[{\"@type\":\"ReadAction\",\"target\":[\"https:\/\/www.lapernichecatering.com\/?product=mini-focaccias-de-calabacin-y-queso-ricotta\"]}]},{\"@type\":\"ImageObject\",\"inLanguage\":\"es\",\"@id\":\"https:\/\/www.lapernichecatering.com\/?product=mini-focaccias-de-calabacin-y-queso-ricotta#primaryimage\",\"url\":\"https:\/\/www.lapernichecatering.com\/wp-content\/uploads\/2026\/02\/IMG_7485-scaled-e1771433823570.jpg\",\"contentUrl\":\"https:\/\/www.lapernichecatering.com\/wp-content\/uploads\/2026\/02\/IMG_7485-scaled-e1771433823570.jpg\",\"width\":1920,\"height\":1920},{\"@type\":\"BreadcrumbList\",\"@id\":\"https:\/\/www.lapernichecatering.com\/?product=mini-focaccias-de-calabacin-y-queso-ricotta#breadcrumb\",\"itemListElement\":[{\"@type\":\"ListItem\",\"position\":1,\"name\":\"Home\",\"item\":\"https:\/\/www.lapernichecatering.com\/\"},{\"@type\":\"ListItem\",\"position\":2,\"name\":\"Tienda\",\"item\":\"https:\/\/www.lapernichecatering.com\/?page_id=7\"},{\"@type\":\"ListItem\",\"position\":3,\"name\":\"Mini focaccias de calabac\u00edn y queso ricotta.\u00a0\"}]},{\"@type\":\"WebSite\",\"@id\":\"https:\/\/www.lapernichecatering.com\/#website\",\"url\":\"https:\/\/www.lapernichecatering.com\/\",\"name\":\"La Perniche Catering\",\"description\":\"\",\"publisher\":{\"@id\":\"https:\/\/www.lapernichecatering.com\/#organization\"},\"potentialAction\":[{\"@type\":\"SearchAction\",\"target\":{\"@type\":\"EntryPoint\",\"urlTemplate\":\"https:\/\/www.lapernichecatering.com\/?s={search_term_string}\"},\"query-input\":{\"@type\":\"PropertyValueSpecification\",\"valueRequired\":true,\"valueName\":\"search_term_string\"}}],\"inLanguage\":\"es\"},{\"@type\":\"Organization\",\"@id\":\"https:\/\/www.lapernichecatering.com\/#organization\",\"name\":\"La Perniche Catering\",\"url\":\"https:\/\/www.lapernichecatering.com\/\",\"logo\":{\"@type\":\"ImageObject\",\"inLanguage\":\"es\",\"@id\":\"https:\/\/www.lapernichecatering.com\/#\/schema\/logo\/image\/\",\"url\":\"https:\/\/www.lapernichecatering.com\/wp-content\/uploads\/2025\/11\/cropped-Logo_web_250-1.png\",\"contentUrl\":\"https:\/\/www.lapernichecatering.com\/wp-content\/uploads\/2025\/11\/cropped-Logo_web_250-1.png\",\"width\":302,\"height\":250,\"caption\":\"La Perniche Catering\"},\"image\":{\"@id\":\"https:\/\/www.lapernichecatering.com\/#\/schema\/logo\/image\/\"}}]}<\/script>\n<!-- \/ Yoast SEO plugin. -->","yoast_head_json":{"title":"Mini focaccias de calabac\u00edn y queso ricotta.\u00a0 - La Perniche Catering","robots":{"index":"index","follow":"follow","max-snippet":"max-snippet:-1","max-image-preview":"max-image-preview:large","max-video-preview":"max-video-preview:-1"},"canonical":"https:\/\/www.lapernichecatering.com\/?product=mini-focaccias-de-calabacin-y-queso-ricotta","og_locale":"es_ES","og_type":"article","og_title":"Mini focaccias de calabac\u00edn y queso ricotta.\u00a0 - La Perniche Catering","og_description":"20 unidades.","og_url":"https:\/\/www.lapernichecatering.com\/?product=mini-focaccias-de-calabacin-y-queso-ricotta","og_site_name":"La Perniche Catering","article_modified_time":"2026-02-18T16:57:42+00:00","og_image":[{"width":1920,"height":1920,"url":"https:\/\/www.lapernichecatering.com\/wp-content\/uploads\/2026\/02\/IMG_7485-scaled-e1771433823570.jpg","type":"image\/jpeg"}],"twitter_card":"summary_large_image","twitter_misc":{"Est. reading time":"1 minuto"},"schema":{"@context":"https:\/\/schema.org","@graph":[{"@type":"WebPage","@id":"https:\/\/www.lapernichecatering.com\/?product=mini-focaccias-de-calabacin-y-queso-ricotta","url":"https:\/\/www.lapernichecatering.com\/?product=mini-focaccias-de-calabacin-y-queso-ricotta","name":"Mini focaccias de calabac\u00edn y queso ricotta.\u00a0 - La Perniche Catering","isPartOf":{"@id":"https:\/\/www.lapernichecatering.com\/#website"},"primaryImageOfPage":{"@id":"https:\/\/www.lapernichecatering.com\/?product=mini-focaccias-de-calabacin-y-queso-ricotta#primaryimage"},"image":{"@id":"https:\/\/www.lapernichecatering.com\/?product=mini-focaccias-de-calabacin-y-queso-ricotta#primaryimage"},"thumbnailUrl":"https:\/\/www.lapernichecatering.com\/wp-content\/uploads\/2026\/02\/IMG_7485-scaled-e1771433823570.jpg","datePublished":"2026-02-18T16:57:37+00:00","dateModified":"2026-02-18T16:57:42+00:00","breadcrumb":{"@id":"https:\/\/www.lapernichecatering.com\/?product=mini-focaccias-de-calabacin-y-queso-ricotta#breadcrumb"},"inLanguage":"es","potentialAction":[{"@type":"ReadAction","target":["https:\/\/www.lapernichecatering.com\/?product=mini-focaccias-de-calabacin-y-queso-ricotta"]}]},{"@type":"ImageObject","inLanguage":"es","@id":"https:\/\/www.lapernichecatering.com\/?product=mini-focaccias-de-calabacin-y-queso-ricotta#primaryimage","url":"https:\/\/www.lapernichecatering.com\/wp-content\/uploads\/2026\/02\/IMG_7485-scaled-e1771433823570.jpg","contentUrl":"https:\/\/www.lapernichecatering.com\/wp-content\/uploads\/2026\/02\/IMG_7485-scaled-e1771433823570.jpg","width":1920,"height":1920},{"@type":"BreadcrumbList","@id":"https:\/\/www.lapernichecatering.com\/?product=mini-focaccias-de-calabacin-y-queso-ricotta#breadcrumb","itemListElement":[{"@type":"ListItem","position":1,"name":"Home","item":"https:\/\/www.lapernichecatering.com\/"},{"@type":"ListItem","position":2,"name":"Tienda","item":"https:\/\/www.lapernichecatering.com\/?page_id=7"},{"@type":"ListItem","position":3,"name":"Mini focaccias de calabac\u00edn y queso ricotta.\u00a0"}]},{"@type":"WebSite","@id":"https:\/\/www.lapernichecatering.com\/#website","url":"https:\/\/www.lapernichecatering.com\/","name":"La Perniche Catering","description":"","publisher":{"@id":"https:\/\/www.lapernichecatering.com\/#organization"},"potentialAction":[{"@type":"SearchAction","target":{"@type":"EntryPoint","urlTemplate":"https:\/\/www.lapernichecatering.com\/?s={search_term_string}"},"query-input":{"@type":"PropertyValueSpecification","valueRequired":true,"valueName":"search_term_string"}}],"inLanguage":"es"},{"@type":"Organization","@id":"https:\/\/www.lapernichecatering.com\/#organization","name":"La Perniche Catering","url":"https:\/\/www.lapernichecatering.com\/","logo":{"@type":"ImageObject","inLanguage":"es","@id":"https:\/\/www.lapernichecatering.com\/#\/schema\/logo\/image\/","url":"https:\/\/www.lapernichecatering.com\/wp-content\/uploads\/2025\/11\/cropped-Logo_web_250-1.png","contentUrl":"https:\/\/www.lapernichecatering.com\/wp-content\/uploads\/2025\/11\/cropped-Logo_web_250-1.png","width":302,"height":250,"caption":"La Perniche Catering"},"image":{"@id":"https:\/\/www.lapernichecatering.com\/#\/schema\/logo\/image\/"}}]}},"_links":{"self":[{"href":"https:\/\/www.lapernichecatering.com\/index.php?rest_route=\/wp\/v2\/product\/11873","targetHints":{"allow":["GET"]}}],"collection":[{"href":"https:\/\/www.lapernichecatering.com\/index.php?rest_route=\/wp\/v2\/product"}],"about":[{"href":"https:\/\/www.lapernichecatering.com\/index.php?rest_route=\/wp\/v2\/types\/product"}],"wp:featuredmedia":[{"embeddable":true,"href":"https:\/\/www.lapernichecatering.com\/index.php?rest_route=\/wp\/v2\/media\/11882"}],"wp:attachment":[{"href":"https:\/\/www.lapernichecatering.com\/index.php?rest_route=%2Fwp%2Fv2%2Fmedia&parent=11873"}],"wp:term":[{"taxonomy":"product_cat","embeddable":true,"href":"https:\/\/www.lapernichecatering.com\/index.php?rest_route=%2Fwp%2Fv2%2Fproduct_cat&post=11873"},{"taxonomy":"product_tag","embeddable":true,"href":"https:\/\/www.lapernichecatering.com\/index.php?rest_route=%2Fwp%2Fv2%2Fproduct_tag&post=11873"}],"curies":[{"name":"wp","href":"https:\/\/api.w.org\/{rel}","templated":true}]}}