{"id":12090,"date":"2026-02-24T21:53:02","date_gmt":"2026-02-24T20:53:02","guid":{"rendered":"https:\/\/www.lapernichecatering.com\/?post_type=product&#038;p=12090"},"modified":"2026-02-24T21:53:02","modified_gmt":"2026-02-24T20:53:02","slug":"fanta-de-limon","status":"publish","type":"product","link":"https:\/\/www.lapernichecatering.com\/?product=fanta-de-limon","title":{"rendered":"Fanta de lim\u00f3n"},"content":{"rendered":"<div class=\"_box_1gkco_1\">\n<h2 class=\"_text_cn5lb_1 _text--bold_cn5lb_7 _text--l_cn5lb_27\">Almacenamiento y uso<\/h2>\n<div class=\"sc-gEvEer hDKiZm\">Proteger de la luz solar. Preservar de olores agresivos. Conservar en lugar limpio, fresco y seco. Servir fr\u00edo<\/div>\n<\/div>\n<div class=\"_box_1gkco_1\">\n<h2 class=\"_text_cn5lb_1 _text--bold_cn5lb_7 _text--l_cn5lb_27\">Ingredientes<\/h2>\n<div class=\"sc-gEvEer hDKiZm\">\n<h4>Ingredientes:<\/h4>\n<p>Ingredientes: Agua carbonatada, 6% zumo de lim\u00f3n a partir de concentrado, az\u00facar, acidulantes: \u00e1cido m\u00e1lico (E-296) y \u00e1cido c\u00edtrico (E-330), edulcorantes: acesulfamo K (E-950), aspartamo y neohesperidina DC (E-959), antioxidante \u00e1cido asc\u00f3rbico (E-300), corrector de acidez citrato s\u00f3dico (E-331), conservador sorbato pot\u00e1sico (E-202), estabilizantes: goma ar\u00e1biga (E-414) y \u00e9steres glic\u00e9ridos de colofonia de madera (E-445), aromas naturales de lim\u00f3n y otros aromas naturales y colorante betacaroteno (E-160a).<\/p>\n<\/div>\n<\/div>\n","protected":false},"excerpt":{"rendered":"<p>Lata 330 ml.<\/p>\n","protected":false},"featured_media":12056,"template":"","meta":[],"product_cat":[111,112],"product_tag":[],"class_list":{"0":"post-12090","1":"product","2":"type-product","3":"status-publish","4":"has-post-thumbnail","6":"product_cat-servicio-de-bebidas","7":"product_cat-sin-alcohol","9":"first","10":"instock","11":"shipping-taxable","12":"purchasable","13":"product-type-simple"},"yoast_head":"<!-- This site is optimized with the Yoast SEO plugin v26.6 - https:\/\/yoast.com\/wordpress\/plugins\/seo\/ -->\n<title>Fanta de lim\u00f3n - La Perniche Catering<\/title>\n<meta name=\"robots\" content=\"index, follow, max-snippet:-1, max-image-preview:large, max-video-preview:-1\" \/>\n<link rel=\"canonical\" href=\"https:\/\/www.lapernichecatering.com\/?product=fanta-de-limon\" \/>\n<meta property=\"og:locale\" content=\"es_ES\" \/>\n<meta property=\"og:type\" content=\"article\" \/>\n<meta property=\"og:title\" content=\"Fanta de lim\u00f3n - La Perniche Catering\" \/>\n<meta property=\"og:description\" content=\"Lata 330 ml.\" \/>\n<meta property=\"og:url\" content=\"https:\/\/www.lapernichecatering.com\/?product=fanta-de-limon\" \/>\n<meta property=\"og:site_name\" content=\"La Perniche Catering\" \/>\n<meta property=\"og:image\" content=\"https:\/\/www.lapernichecatering.com\/wp-content\/uploads\/2026\/02\/IMG_8988-scaled.jpg\" \/>\n\t<meta property=\"og:image:width\" content=\"1920\" \/>\n\t<meta property=\"og:image:height\" content=\"2560\" \/>\n\t<meta property=\"og:image:type\" content=\"image\/jpeg\" \/>\n<meta name=\"twitter:card\" content=\"summary_large_image\" \/>\n<meta name=\"twitter:label1\" content=\"Est. reading time\" \/>\n\t<meta name=\"twitter:data1\" content=\"1 minuto\" \/>\n<script type=\"application\/ld+json\" class=\"yoast-schema-graph\">{\"@context\":\"https:\/\/schema.org\",\"@graph\":[{\"@type\":\"WebPage\",\"@id\":\"https:\/\/www.lapernichecatering.com\/?product=fanta-de-limon\",\"url\":\"https:\/\/www.lapernichecatering.com\/?product=fanta-de-limon\",\"name\":\"Fanta de lim\u00f3n - La Perniche Catering\",\"isPartOf\":{\"@id\":\"https:\/\/www.lapernichecatering.com\/#website\"},\"primaryImageOfPage\":{\"@id\":\"https:\/\/www.lapernichecatering.com\/?product=fanta-de-limon#primaryimage\"},\"image\":{\"@id\":\"https:\/\/www.lapernichecatering.com\/?product=fanta-de-limon#primaryimage\"},\"thumbnailUrl\":\"https:\/\/www.lapernichecatering.com\/wp-content\/uploads\/2026\/02\/IMG_8988-scaled.jpg\",\"datePublished\":\"2026-02-24T20:53:02+00:00\",\"breadcrumb\":{\"@id\":\"https:\/\/www.lapernichecatering.com\/?product=fanta-de-limon#breadcrumb\"},\"inLanguage\":\"es\",\"potentialAction\":[{\"@type\":\"ReadAction\",\"target\":[\"https:\/\/www.lapernichecatering.com\/?product=fanta-de-limon\"]}]},{\"@type\":\"ImageObject\",\"inLanguage\":\"es\",\"@id\":\"https:\/\/www.lapernichecatering.com\/?product=fanta-de-limon#primaryimage\",\"url\":\"https:\/\/www.lapernichecatering.com\/wp-content\/uploads\/2026\/02\/IMG_8988-scaled.jpg\",\"contentUrl\":\"https:\/\/www.lapernichecatering.com\/wp-content\/uploads\/2026\/02\/IMG_8988-scaled.jpg\",\"width\":1920,\"height\":2560},{\"@type\":\"BreadcrumbList\",\"@id\":\"https:\/\/www.lapernichecatering.com\/?product=fanta-de-limon#breadcrumb\",\"itemListElement\":[{\"@type\":\"ListItem\",\"position\":1,\"name\":\"Home\",\"item\":\"https:\/\/www.lapernichecatering.com\/\"},{\"@type\":\"ListItem\",\"position\":2,\"name\":\"Tienda\",\"item\":\"https:\/\/www.lapernichecatering.com\/?page_id=7\"},{\"@type\":\"ListItem\",\"position\":3,\"name\":\"Fanta de lim\u00f3n\"}]},{\"@type\":\"WebSite\",\"@id\":\"https:\/\/www.lapernichecatering.com\/#website\",\"url\":\"https:\/\/www.lapernichecatering.com\/\",\"name\":\"La Perniche Catering\",\"description\":\"\",\"publisher\":{\"@id\":\"https:\/\/www.lapernichecatering.com\/#organization\"},\"potentialAction\":[{\"@type\":\"SearchAction\",\"target\":{\"@type\":\"EntryPoint\",\"urlTemplate\":\"https:\/\/www.lapernichecatering.com\/?s={search_term_string}\"},\"query-input\":{\"@type\":\"PropertyValueSpecification\",\"valueRequired\":true,\"valueName\":\"search_term_string\"}}],\"inLanguage\":\"es\"},{\"@type\":\"Organization\",\"@id\":\"https:\/\/www.lapernichecatering.com\/#organization\",\"name\":\"La Perniche Catering\",\"url\":\"https:\/\/www.lapernichecatering.com\/\",\"logo\":{\"@type\":\"ImageObject\",\"inLanguage\":\"es\",\"@id\":\"https:\/\/www.lapernichecatering.com\/#\/schema\/logo\/image\/\",\"url\":\"https:\/\/www.lapernichecatering.com\/wp-content\/uploads\/2025\/11\/cropped-Logo_web_250-1.png\",\"contentUrl\":\"https:\/\/www.lapernichecatering.com\/wp-content\/uploads\/2025\/11\/cropped-Logo_web_250-1.png\",\"width\":302,\"height\":250,\"caption\":\"La Perniche Catering\"},\"image\":{\"@id\":\"https:\/\/www.lapernichecatering.com\/#\/schema\/logo\/image\/\"}}]}<\/script>\n<!-- \/ Yoast SEO plugin. -->","yoast_head_json":{"title":"Fanta de lim\u00f3n - La Perniche Catering","robots":{"index":"index","follow":"follow","max-snippet":"max-snippet:-1","max-image-preview":"max-image-preview:large","max-video-preview":"max-video-preview:-1"},"canonical":"https:\/\/www.lapernichecatering.com\/?product=fanta-de-limon","og_locale":"es_ES","og_type":"article","og_title":"Fanta de lim\u00f3n - La Perniche Catering","og_description":"Lata 330 ml.","og_url":"https:\/\/www.lapernichecatering.com\/?product=fanta-de-limon","og_site_name":"La Perniche Catering","og_image":[{"width":1920,"height":2560,"url":"https:\/\/www.lapernichecatering.com\/wp-content\/uploads\/2026\/02\/IMG_8988-scaled.jpg","type":"image\/jpeg"}],"twitter_card":"summary_large_image","twitter_misc":{"Est. reading time":"1 minuto"},"schema":{"@context":"https:\/\/schema.org","@graph":[{"@type":"WebPage","@id":"https:\/\/www.lapernichecatering.com\/?product=fanta-de-limon","url":"https:\/\/www.lapernichecatering.com\/?product=fanta-de-limon","name":"Fanta de lim\u00f3n - La Perniche Catering","isPartOf":{"@id":"https:\/\/www.lapernichecatering.com\/#website"},"primaryImageOfPage":{"@id":"https:\/\/www.lapernichecatering.com\/?product=fanta-de-limon#primaryimage"},"image":{"@id":"https:\/\/www.lapernichecatering.com\/?product=fanta-de-limon#primaryimage"},"thumbnailUrl":"https:\/\/www.lapernichecatering.com\/wp-content\/uploads\/2026\/02\/IMG_8988-scaled.jpg","datePublished":"2026-02-24T20:53:02+00:00","breadcrumb":{"@id":"https:\/\/www.lapernichecatering.com\/?product=fanta-de-limon#breadcrumb"},"inLanguage":"es","potentialAction":[{"@type":"ReadAction","target":["https:\/\/www.lapernichecatering.com\/?product=fanta-de-limon"]}]},{"@type":"ImageObject","inLanguage":"es","@id":"https:\/\/www.lapernichecatering.com\/?product=fanta-de-limon#primaryimage","url":"https:\/\/www.lapernichecatering.com\/wp-content\/uploads\/2026\/02\/IMG_8988-scaled.jpg","contentUrl":"https:\/\/www.lapernichecatering.com\/wp-content\/uploads\/2026\/02\/IMG_8988-scaled.jpg","width":1920,"height":2560},{"@type":"BreadcrumbList","@id":"https:\/\/www.lapernichecatering.com\/?product=fanta-de-limon#breadcrumb","itemListElement":[{"@type":"ListItem","position":1,"name":"Home","item":"https:\/\/www.lapernichecatering.com\/"},{"@type":"ListItem","position":2,"name":"Tienda","item":"https:\/\/www.lapernichecatering.com\/?page_id=7"},{"@type":"ListItem","position":3,"name":"Fanta de lim\u00f3n"}]},{"@type":"WebSite","@id":"https:\/\/www.lapernichecatering.com\/#website","url":"https:\/\/www.lapernichecatering.com\/","name":"La Perniche Catering","description":"","publisher":{"@id":"https:\/\/www.lapernichecatering.com\/#organization"},"potentialAction":[{"@type":"SearchAction","target":{"@type":"EntryPoint","urlTemplate":"https:\/\/www.lapernichecatering.com\/?s={search_term_string}"},"query-input":{"@type":"PropertyValueSpecification","valueRequired":true,"valueName":"search_term_string"}}],"inLanguage":"es"},{"@type":"Organization","@id":"https:\/\/www.lapernichecatering.com\/#organization","name":"La Perniche Catering","url":"https:\/\/www.lapernichecatering.com\/","logo":{"@type":"ImageObject","inLanguage":"es","@id":"https:\/\/www.lapernichecatering.com\/#\/schema\/logo\/image\/","url":"https:\/\/www.lapernichecatering.com\/wp-content\/uploads\/2025\/11\/cropped-Logo_web_250-1.png","contentUrl":"https:\/\/www.lapernichecatering.com\/wp-content\/uploads\/2025\/11\/cropped-Logo_web_250-1.png","width":302,"height":250,"caption":"La Perniche Catering"},"image":{"@id":"https:\/\/www.lapernichecatering.com\/#\/schema\/logo\/image\/"}}]}},"_links":{"self":[{"href":"https:\/\/www.lapernichecatering.com\/index.php?rest_route=\/wp\/v2\/product\/12090","targetHints":{"allow":["GET"]}}],"collection":[{"href":"https:\/\/www.lapernichecatering.com\/index.php?rest_route=\/wp\/v2\/product"}],"about":[{"href":"https:\/\/www.lapernichecatering.com\/index.php?rest_route=\/wp\/v2\/types\/product"}],"wp:featuredmedia":[{"embeddable":true,"href":"https:\/\/www.lapernichecatering.com\/index.php?rest_route=\/wp\/v2\/media\/12056"}],"wp:attachment":[{"href":"https:\/\/www.lapernichecatering.com\/index.php?rest_route=%2Fwp%2Fv2%2Fmedia&parent=12090"}],"wp:term":[{"taxonomy":"product_cat","embeddable":true,"href":"https:\/\/www.lapernichecatering.com\/index.php?rest_route=%2Fwp%2Fv2%2Fproduct_cat&post=12090"},{"taxonomy":"product_tag","embeddable":true,"href":"https:\/\/www.lapernichecatering.com\/index.php?rest_route=%2Fwp%2Fv2%2Fproduct_tag&post=12090"}],"curies":[{"name":"wp","href":"https:\/\/api.w.org\/{rel}","templated":true}]}}